{"id":128,"date":"2022-09-01T00:00:00","date_gmt":"2022-08-31T22:00:00","guid":{"rendered":"https:\/\/jochen-guenther.eu\/?page_id=128"},"modified":"2025-12-01T23:15:49","modified_gmt":"2025-12-01T22:15:49","slug":"vorlesungen","status":"publish","type":"page","link":"https:\/\/jochen-guenther.eu\/en\/lehre\/vorlesungen\/","title":{"rendered":"Lectures and Courses"},"content":{"rendered":"<p><\/p>\n\n\n\n<h2 class=\"wp-block-heading\">Wintersemester 2025\/26<\/h2>\n\n\n\n<p>Lectures in the bachelor program <a href=\"https:\/\/www.hs-heilbronn.de\/win\">Wirtschaftsinformatik<\/a>&nbsp;at the Heilbronn University of Applied Sciences<\/p>\n\n\n\n<p><span style=\"white-space: normal;\">Projektstudie Social Media Management and Audio-Visual Communication &nbsp;(6. Semester, englisch<\/span>) <\/p>\n\n\n\n<p class=\"has-text-align-left\">Aktuelles Lehrprojekt: Studierende entwickeln in Gruppen Konzepte zu<\/p>\n\n\n\n<ul class=\"wp-block-list\">\n<li>a) NIS2-Compliance, Risikomanagement und&nbsp;<\/li>\n\n\n\n<li>b) Cyberkrisen-Kommunikation&nbsp;<\/li>\n<\/ul>\n\n\n\n<p>am Beispiel eines KRITIS-Unternehmens auf Basis einer Fallstudie<\/p>\n\n\n<h2>Sommersemester 2025<\/h2>\n\n\n<p>Lectures in the bachelor program <a href=\"https:\/\/www.hs-heilbronn.de\/win\">Wirtschaftsinformatik<\/a>&nbsp;at the Heilbronn University of Applied Sciences<\/p>\n\n\n\n<p>Study focus: Social Media Management:<\/p>\n\n\n\n<ul class=\"wp-block-list\">\n<li>Projektstudie Social Media Management and Audio-Visual Communication &nbsp;(6. Semester, englisch)<br>Aktuelle Lehrprojekte:\n<ul class=\"wp-block-list\">\n<li>Studierenden untersuchen Ans\u00e4tze zur Erkennung von Deepfake Videos mit Hilfe eines KI-Experten-basierten Ansatzes<\/li>\n\n\n\n<li>Studierende untersuchen die Qualit\u00e4t von Deepfake Videos mit freiverf\u00fcgbaren Tools im Rahmen von Social Engineering Angriffen (s. Ver\u00f6ffentlichung)<\/li>\n<\/ul>\n<\/li>\n<\/ul>\n\n\n\n<p class=\"translation-block\">Lectures in the master program Business Informatics - Information Management and Data Science at the Heilbronn University of Applied Sciences:<\/p>\n\n\n\n<ul class=\"wp-block-list\">\n<li>Digital Business Models (1st Semester Master)<\/li>\n<\/ul>\n\n\n<p><!-- \/wp:post-content --> <!-- wp:paragraph --><\/p>\n<\/p>\n<p><!-- wp:paragraph --><\/p>\n<p><!-- \/wp:paragraph --><\/p>","protected":false},"excerpt":{"rendered":"<p>Wintersemester 2025\/26 Von mir gehaltene Vorlesungen im Bachelor-Studiengang Wirtschaftsinformatik&nbsp;an der Hochschule Heilbronn: Projektstudie Social Media Management and Audio-Visual Communication &nbsp;(6. Semester, englisch) Aktuelles Lehrprojekt: Studierende entwickeln in Gruppen Konzepte zu am Beispiel eines KRITIS-Unternehmens auf Basis einer Fallstudie Sommersemester 2025<\/p>","protected":false},"author":2,"featured_media":0,"parent":64,"menu_order":0,"comment_status":"closed","ping_status":"closed","template":"","meta":{"footnotes":""},"class_list":["post-128","page","type-page","status-publish","hentry"],"yoast_head":"<!-- This site is optimized with the Yoast SEO plugin v27.3 - https:\/\/yoast.com\/product\/yoast-seo-wordpress\/ -->\n<title>Vorlesungen und Lehrveranstaltungen - Prof. Dr. Jochen G\u00fcnther<\/title>\n<meta name=\"description\" content=\"Aktuelle Vorlesungen und Lehrveranstaltungen von Prof. Dr. Jochen G\u00fcnther an der Hochschule Heilbronn im Fachbereich Wirtschaftsinformatik\" \/>\n<meta name=\"robots\" content=\"index, follow, max-snippet:-1, max-image-preview:large, max-video-preview:-1\" \/>\n<link rel=\"canonical\" href=\"https:\/\/jochen-guenther.eu\/en\/lehre\/vorlesungen\/\" \/>\n<meta property=\"og:locale\" content=\"en_US\" \/>\n<meta property=\"og:type\" content=\"article\" \/>\n<meta property=\"og:title\" content=\"Vorlesungen und Lehrveranstaltungen - Prof. Dr. Jochen G\u00fcnther\" \/>\n<meta property=\"og:description\" content=\"Aktuelle Vorlesungen und Lehrveranstaltungen von Prof. Dr. Jochen G\u00fcnther an der Hochschule Heilbronn im Fachbereich Wirtschaftsinformatik\" \/>\n<meta property=\"og:url\" content=\"https:\/\/jochen-guenther.eu\/en\/lehre\/vorlesungen\/\" \/>\n<meta property=\"og:site_name\" content=\"Digitalisierung, Collaboration, Arbeit der Zukunft\" \/>\n<meta property=\"article:modified_time\" content=\"2025-12-01T22:15:49+00:00\" \/>\n<meta name=\"twitter:card\" content=\"summary_large_image\" \/>\n<meta name=\"twitter:site\" content=\"@jochen_guenther\" \/>\n<meta name=\"twitter:label1\" content=\"Est. reading time\" \/>\n\t<meta name=\"twitter:data1\" content=\"1 minute\" \/>\n<script type=\"application\/ld+json\" class=\"yoast-schema-graph\">{\"@context\":\"https:\\\/\\\/schema.org\",\"@graph\":[{\"@type\":\"WebPage\",\"@id\":\"https:\\\/\\\/jochen-guenther.eu\\\/lehre\\\/vorlesungen\\\/\",\"url\":\"https:\\\/\\\/jochen-guenther.eu\\\/lehre\\\/vorlesungen\\\/\",\"name\":\"Vorlesungen und Lehrveranstaltungen - Prof. Dr. Jochen G\u00fcnther\",\"isPartOf\":{\"@id\":\"https:\\\/\\\/jochen-guenther.eu\\\/#website\"},\"datePublished\":\"2022-08-31T22:00:00+00:00\",\"dateModified\":\"2025-12-01T22:15:49+00:00\",\"description\":\"Aktuelle Vorlesungen und Lehrveranstaltungen von Prof. Dr. Jochen G\u00fcnther an der Hochschule Heilbronn im Fachbereich Wirtschaftsinformatik\",\"breadcrumb\":{\"@id\":\"https:\\\/\\\/jochen-guenther.eu\\\/lehre\\\/vorlesungen\\\/#breadcrumb\"},\"inLanguage\":\"en-US\",\"potentialAction\":[{\"@type\":\"ReadAction\",\"target\":[\"https:\\\/\\\/jochen-guenther.eu\\\/lehre\\\/vorlesungen\\\/\"]}]},{\"@type\":\"BreadcrumbList\",\"@id\":\"https:\\\/\\\/jochen-guenther.eu\\\/lehre\\\/vorlesungen\\\/#breadcrumb\",\"itemListElement\":[{\"@type\":\"ListItem\",\"position\":1,\"name\":\"Home\",\"item\":\"https:\\\/\\\/jochen-guenther.eu\\\/\"},{\"@type\":\"ListItem\",\"position\":2,\"name\":\"Lehre und Abschlussarbeiten\",\"item\":\"https:\\\/\\\/jochen-guenther.eu\\\/lehre\\\/\"},{\"@type\":\"ListItem\",\"position\":3,\"name\":\"Vorlesungen und Lehrveranstaltungen\"}]},{\"@type\":\"WebSite\",\"@id\":\"https:\\\/\\\/jochen-guenther.eu\\\/#website\",\"url\":\"https:\\\/\\\/jochen-guenther.eu\\\/\",\"name\":\"Digitalisierung, Collaboration, Arbeit der Zukunft\",\"description\":\"\",\"publisher\":{\"@id\":\"https:\\\/\\\/jochen-guenther.eu\\\/#\\\/schema\\\/person\\\/9b8b25e3c7e6d27e2ca159d0e7e859e9\"},\"potentialAction\":[{\"@type\":\"SearchAction\",\"target\":{\"@type\":\"EntryPoint\",\"urlTemplate\":\"https:\\\/\\\/jochen-guenther.eu\\\/?s={search_term_string}\"},\"query-input\":{\"@type\":\"PropertyValueSpecification\",\"valueRequired\":true,\"valueName\":\"search_term_string\"}}],\"inLanguage\":\"en-US\"},{\"@type\":[\"Person\",\"Organization\"],\"@id\":\"https:\\\/\\\/jochen-guenther.eu\\\/#\\\/schema\\\/person\\\/9b8b25e3c7e6d27e2ca159d0e7e859e9\",\"name\":\"Jochen G\u00fcnther\",\"image\":{\"@type\":\"ImageObject\",\"inLanguage\":\"en-US\",\"@id\":\"https:\\\/\\\/jochen-guenther.eu\\\/wordpress\\\/wp-content\\\/uploads\\\/2017\\\/11\\\/portrait-150x150.jpg\",\"url\":\"https:\\\/\\\/jochen-guenther.eu\\\/wordpress\\\/wp-content\\\/uploads\\\/2017\\\/11\\\/portrait-150x150.jpg\",\"contentUrl\":\"https:\\\/\\\/jochen-guenther.eu\\\/wordpress\\\/wp-content\\\/uploads\\\/2017\\\/11\\\/portrait-150x150.jpg\",\"caption\":\"Jochen G\u00fcnther\"},\"logo\":{\"@id\":\"https:\\\/\\\/jochen-guenther.eu\\\/wordpress\\\/wp-content\\\/uploads\\\/2017\\\/11\\\/portrait-150x150.jpg\"},\"description\":\"Dr. Jochen G\u00fcnther, Professor f\u00fcr Wirtschaftsinformatik an der Hochschule Heilbronn. Schwerpunkte Social Media, Usability, Audiovisuelle Kommunikation. Zuvor am Fraunhofer IAO in Stuttgart als Projektleiter im Umfeld Collaboration und Digitalisierung sowie Leiter des Competence Center Videokommunikation der Fraunhofer Gesellschaft.\",\"sameAs\":[\"https:\\\/\\\/jochen-guenther.eu\",\"https:\\\/\\\/x.com\\\/jochen_guenther\"]}]}<\/script>\n<!-- \/ Yoast SEO plugin. -->","yoast_head_json":{"title":"Vorlesungen und Lehrveranstaltungen - Prof. Dr. Jochen G\u00fcnther","description":"Aktuelle Vorlesungen und Lehrveranstaltungen von Prof. Dr. Jochen G\u00fcnther an der Hochschule Heilbronn im Fachbereich Wirtschaftsinformatik","robots":{"index":"index","follow":"follow","max-snippet":"max-snippet:-1","max-image-preview":"max-image-preview:large","max-video-preview":"max-video-preview:-1"},"canonical":"https:\/\/jochen-guenther.eu\/en\/lehre\/vorlesungen\/","og_locale":"en_US","og_type":"article","og_title":"Vorlesungen und Lehrveranstaltungen - Prof. Dr. Jochen G\u00fcnther","og_description":"Aktuelle Vorlesungen und Lehrveranstaltungen von Prof. Dr. Jochen G\u00fcnther an der Hochschule Heilbronn im Fachbereich Wirtschaftsinformatik","og_url":"https:\/\/jochen-guenther.eu\/en\/lehre\/vorlesungen\/","og_site_name":"Digitalisierung, Collaboration, Arbeit der Zukunft","article_modified_time":"2025-12-01T22:15:49+00:00","twitter_card":"summary_large_image","twitter_site":"@jochen_guenther","twitter_misc":{"Est. reading time":"1 minute"},"schema":{"@context":"https:\/\/schema.org","@graph":[{"@type":"WebPage","@id":"https:\/\/jochen-guenther.eu\/lehre\/vorlesungen\/","url":"https:\/\/jochen-guenther.eu\/lehre\/vorlesungen\/","name":"Vorlesungen und Lehrveranstaltungen - Prof. Dr. Jochen G\u00fcnther","isPartOf":{"@id":"https:\/\/jochen-guenther.eu\/#website"},"datePublished":"2022-08-31T22:00:00+00:00","dateModified":"2025-12-01T22:15:49+00:00","description":"Aktuelle Vorlesungen und Lehrveranstaltungen von Prof. Dr. Jochen G\u00fcnther an der Hochschule Heilbronn im Fachbereich Wirtschaftsinformatik","breadcrumb":{"@id":"https:\/\/jochen-guenther.eu\/lehre\/vorlesungen\/#breadcrumb"},"inLanguage":"en-US","potentialAction":[{"@type":"ReadAction","target":["https:\/\/jochen-guenther.eu\/lehre\/vorlesungen\/"]}]},{"@type":"BreadcrumbList","@id":"https:\/\/jochen-guenther.eu\/lehre\/vorlesungen\/#breadcrumb","itemListElement":[{"@type":"ListItem","position":1,"name":"Home","item":"https:\/\/jochen-guenther.eu\/"},{"@type":"ListItem","position":2,"name":"Lehre und Abschlussarbeiten","item":"https:\/\/jochen-guenther.eu\/lehre\/"},{"@type":"ListItem","position":3,"name":"Vorlesungen und Lehrveranstaltungen"}]},{"@type":"WebSite","@id":"https:\/\/jochen-guenther.eu\/#website","url":"https:\/\/jochen-guenther.eu\/","name":"Digitalisierung, Collaboration, Arbeit der Zukunft","description":"","publisher":{"@id":"https:\/\/jochen-guenther.eu\/#\/schema\/person\/9b8b25e3c7e6d27e2ca159d0e7e859e9"},"potentialAction":[{"@type":"SearchAction","target":{"@type":"EntryPoint","urlTemplate":"https:\/\/jochen-guenther.eu\/?s={search_term_string}"},"query-input":{"@type":"PropertyValueSpecification","valueRequired":true,"valueName":"search_term_string"}}],"inLanguage":"en-US"},{"@type":["Person","Organization"],"@id":"https:\/\/jochen-guenther.eu\/#\/schema\/person\/9b8b25e3c7e6d27e2ca159d0e7e859e9","name":"Jochen G\u00fcnther","image":{"@type":"ImageObject","inLanguage":"en-US","@id":"https:\/\/jochen-guenther.eu\/wordpress\/wp-content\/uploads\/2017\/11\/portrait-150x150.jpg","url":"https:\/\/jochen-guenther.eu\/wordpress\/wp-content\/uploads\/2017\/11\/portrait-150x150.jpg","contentUrl":"https:\/\/jochen-guenther.eu\/wordpress\/wp-content\/uploads\/2017\/11\/portrait-150x150.jpg","caption":"Jochen G\u00fcnther"},"logo":{"@id":"https:\/\/jochen-guenther.eu\/wordpress\/wp-content\/uploads\/2017\/11\/portrait-150x150.jpg"},"description":"Dr. Jochen G\u00fcnther, Professor f\u00fcr Wirtschaftsinformatik an der Hochschule Heilbronn. Schwerpunkte Social Media, Usability, Audiovisuelle Kommunikation. Zuvor am Fraunhofer IAO in Stuttgart als Projektleiter im Umfeld Collaboration und Digitalisierung sowie Leiter des Competence Center Videokommunikation der Fraunhofer Gesellschaft.","sameAs":["https:\/\/jochen-guenther.eu","https:\/\/x.com\/jochen_guenther"]}]}},"_links":{"self":[{"href":"https:\/\/jochen-guenther.eu\/en\/wp-json\/wp\/v2\/pages\/128","targetHints":{"allow":["GET"]}}],"collection":[{"href":"https:\/\/jochen-guenther.eu\/en\/wp-json\/wp\/v2\/pages"}],"about":[{"href":"https:\/\/jochen-guenther.eu\/en\/wp-json\/wp\/v2\/types\/page"}],"author":[{"embeddable":true,"href":"https:\/\/jochen-guenther.eu\/en\/wp-json\/wp\/v2\/users\/2"}],"replies":[{"embeddable":true,"href":"https:\/\/jochen-guenther.eu\/en\/wp-json\/wp\/v2\/comments?post=128"}],"version-history":[{"count":31,"href":"https:\/\/jochen-guenther.eu\/en\/wp-json\/wp\/v2\/pages\/128\/revisions"}],"predecessor-version":[{"id":547,"href":"https:\/\/jochen-guenther.eu\/en\/wp-json\/wp\/v2\/pages\/128\/revisions\/547"}],"up":[{"embeddable":true,"href":"https:\/\/jochen-guenther.eu\/en\/wp-json\/wp\/v2\/pages\/64"}],"wp:attachment":[{"href":"https:\/\/jochen-guenther.eu\/en\/wp-json\/wp\/v2\/media?parent=128"}],"curies":[{"name":"wp","href":"https:\/\/api.w.org\/{rel}","templated":true}]}}