{"id":4,"date":"2021-06-15T14:00:00","date_gmt":"2021-06-15T12:00:00","guid":{"rendered":"http:\/\/53729276.swh.strato-hosting.eu\/wordpress\/?page_id=4"},"modified":"2021-06-15T14:35:42","modified_gmt":"2021-06-15T12:35:42","slug":"impressum","status":"publish","type":"page","link":"https:\/\/jochen-guenther.eu\/en\/impressum\/","title":{"rendered":"Imprint and Legal Notice"},"content":{"rendered":"\n<p>In diesem privat betriebenen Blog geht es um Themen im Zusammenhang mit&nbsp;Digitalisierung, Zukunft der Arbeit, Collaboration, Social Media.<\/p>\n\n\n\n<p>Der Blog wird betrieben von&nbsp;Dr. Jochen G\u00fcnther,&nbsp;Professor f\u00fcr Wirtschaftsinformatik an der Hochschule Heilbronn.&nbsp;F\u00fcr&nbsp;Themen- und Artikelvorschl\u00e4ge&nbsp;wenden Sie sich bitte an mich.<\/p>\n\n\n\n<p><strong>Angaben gem\u00e4\u00df \u00a7 5 TMG:<\/strong><br>Professor Dr. Jochen G\u00fcnther<br>c\/o Hochschule Heilbronn,<br>Robert-Bosch-Stra\u00dfe 32<br>74081 Heilbronn<\/p>\n\n\n\n<p>Kontakt:<br>E-Mail:&nbsp;webmaster@jochen-guenther.eu<br><br>Datenschutzerkl\u00e4rung:<br><a href=\"https:\/\/jochen-guenther.eu\/datenschutzerklaerung\/\" target=\"_blank\" rel=\"noreferrer noopener nofollow\">https:\/\/jochen-guenther.eu\/datenschutzerklaerung\/<\/a><\/p>\n\n\n<div class=\"everest-forms\"><\/div>\n\n<div class=\"everest-forms\"><div class=\"evf-container layout-two\" id=\"evf-341\"><form id=\"evf-form-341\" class=\"everest-form\" data-formid=\"341\" data-ajax_submission=\"0\" data-keyboard_friendly_form=\"0\" data-form_state_type=\"\" method=\"post\" enctype=\"multipart\/form-data\" action=\"\/en\/wp-json\/wp\/v2\/pages\/4\"><div class=\"evf-field-container\"><input type=\"hidden\" id=\"_wpnonce341\" name=\"_wpnonce341\" value=\"de12ee3543\" \/><input type=\"hidden\" name=\"_wp_http_referer\" value=\"\/en\/wp-json\/wp\/v2\/pages\/4\" \/><div class=\"evf-frontend-row\" data-row=\"row_1\" conditional_rules=\"[]\"><div class=\"evf-frontend-grid evf-grid-1\" data-grid=\"grid_1\"><div id=\"evf-341-field_fullname-container\" class=\"evf-field evf-field-text form-row validate-required\" data-required-field-message=\"This field is required. Please also check to activate JavaScript.\" data-field-id=\"fullname\"><label class=\"evf-field-label\" for=\"evf-341-field_fullname\"><span class=\"evf-label\">Name<\/span> <abbr class=\"required\" title=\"Required\">*<\/abbr><\/label><input type=\"text\" id=\"evf-341-field_fullname\" class=\"input-text\" name=\"everest_forms[form_fields][fullname]\" required><\/div><div id=\"evf-341-field_email-container\" class=\"evf-field evf-field-email form-row validate-required validate-email\" data-required-field-message=\"Please enter a valid email address.\" data-field-id=\"email\"><label class=\"evf-field-label\" for=\"evf-341-field_email\"><span class=\"evf-label\">Email<\/span> <abbr class=\"required\" title=\"Required\">*<\/abbr><\/label><input type=\"email\" id=\"evf-341-field_email\" class=\"input-text\" name=\"everest_forms[form_fields][email]\" required ><\/div><div id=\"evf-341-field_subject-container\" class=\"evf-field evf-field-text form-row validate-required\" data-required-field-message=\"This field is required. Please also check to activate JavaScript.\" data-field-id=\"subject\"><label class=\"evf-field-label\" for=\"evf-341-field_subject\"><span class=\"evf-label\">Subject<\/span> <abbr class=\"required\" title=\"Required\">*<\/abbr><\/label><input type=\"text\" id=\"evf-341-field_subject\" class=\"input-text\" name=\"everest_forms[form_fields][subject]\" required><\/div><div id=\"evf-341-field_message-container\" class=\"evf-field evf-field-textarea form-row\" data-field-id=\"message\"><label class=\"evf-field-label\" for=\"evf-341-field_message\"><span class=\"evf-label\">Message<\/span> <\/label><textarea id=\"evf-341-field_message\" class=\"input-text\" name=\"everest_forms[form_fields][message]\"  ><\/textarea><\/div><\/div><\/div><\/div><div class=\"evf-recaptcha-container \" style=\"display:block\"><div class=\"g-recaptcha\" data-sitekey=\"6Le8gZ8UAAAAAK4HrYKT6KUGMF3PrZOVJsZFSKGA\"><\/div><\/div><div class=\"evf-submit-container \" ><input type=\"hidden\" name=\"everest_forms[id]\" value=\"341\"><input type=\"hidden\" name=\"everest_forms[author]\" value=\"2\"><button type='submit' name='everest_forms[submit]' class='everest-forms-submit-button button evf-submit ' id='evf-submit-341' value='evf-submit' data-process-text=\"Processing&hellip;\" conditional_rules='&quot;&quot;' conditional_id='evf-submit-341'  id=\"evf-submit-341\" aria-live=\"assertive\">Submit<\/button><\/div><\/form><\/div><!-- .evf-container --><\/div>\n\n<h2 id=\"m154\">Journalistisch-redaktionelle Angebote<\/h2>\n<p><strong>Inhaltlich verantwortlich<\/strong><strong>\u00a0i.S.d. \u00a7 55 Abs. 2 RStV<\/strong>: Professor Dr. Jochen G\u00fcnther c\/o Hochschule Heilbronn, Robert-Bosch-Stra\u00dfe 32 74081 Heilbronn<\/p>\n<p>\u00a0<\/p>\n<h2 id=\"m172\">Social Media und andere Onlinepr\u00e4senzen<\/h2>\n<p><strong>Dieses Impressum gilt auch f\u00fcr die folgenden Social-Media-Pr\u00e4senzen und Onlineprofile:<br \/><\/strong>XING:\u00a0<a href=\"https:\/\/www.xing.com\/profile\/Jochen_Guenther2\" target=\"_blank\" rel=\"noopener noreferrer\">https:\/\/www.xing.com\/profile\/Jochen_Guenther2<br \/><\/a>Twitter: <a href=\"https:\/\/twitter.com\/jochen_guenther\">https:\/\/twitter.com\/jochen_guenther<\/a><br \/>LinkedIn: <a href=\"https:\/\/www.linkedin.com\/in\/prof-dr-jochen-g\u00fcnther-44891856\/\">https:\/\/www.linkedin.com\/in\/prof-dr-jochen-g\u00fcnther-44891856\/<\/a><\/p>\n<div id=\"dsg-module-preview-65-de\" class=\"dsg-module-preview-generate dsg-module-preview-fill active filled\" data-language=\"de\" data-id=\"82\" data-mid=\"65\" data-sku-de=\"\">\n<h2 id=\"m65\">Haftungs- und Schutzrechtshinweise<\/h2>\n<\/div>\n<div id=\"dsg-module-preview-66-de\" class=\"dsg-module-preview dsg-module-preview-generate dsg-option-preview dsg-option-preview-66 dsg-option-preview-parent-65 dsg-module-preview-fill  filled active\" data-language=\"de\" data-parent_mid=\"65\" data-mid=\"66\" data-sku-de=\"\">\n<p><span style=\"font-size: inherit;\"><strong>Haftungsausschluss<\/strong>: Die Inhalte dieses Onlineangebotes wurden sorgf\u00e4ltig und nach unserem aktuellen Kenntnisstand erstellt, dienen jedoch nur der Information und entfalten keine rechtlich bindende Wirkung, sofern es sich nicht um gesetzlich verpflichtende Informationen (z.B. das Impressum, die Datenschutzerkl\u00e4rung, AGB oder verpflichtende Belehrungen von Verbrauchern) handelt. Wir behalten uns vor, die Inhalte vollst\u00e4ndig oder teilweise zu \u00e4ndern oder zu l\u00f6schen, soweit vertragliche Verpflichtungen unber\u00fchrt bleiben. Alle Angebote sind freibleibend und unverbindlich.<\/span><\/p>\n<p><strong>Links auf fremde Webseiten<\/strong>: Inhalte fremder Webseiten, auf die wir direkt oder indirekt verweisen, liegen au\u00dferhalb unseres Verantwortungsbereiches und machen wir uns nicht zu Eigen. F\u00fcr alle Inhalte und insbesondere f\u00fcr Sch\u00e4den, die aus der Nutzung der in den verlinkten Webseiten aufrufbaren Informationen entstehen, haftet allein der Anbieter der verlinkten Webseiten.<\/p>\n<\/div>\n<p><strong>Urheberrechte und Markenrechte<\/strong>: Alle auf dieser Website dargestellten Inhalte, wie Texte, Fotografien, Grafiken, Marken und Warenzeichen sind durch die jeweiligen Schutzrechte (Urheberrechte, Markenrechte) gesch\u00fctzt. Die Verwendung, Vervielf\u00e4ltigung usw. unterliegen unseren Rechten oder den Rechten der jeweiligen Urheber bzw. Rechteverwalter.<\/p>\n<p><strong>Hinweise auf Rechtsverst\u00f6\u00dfe<\/strong>: Sollten Sie innerhalb unseres Internetauftritts Rechtsverst\u00f6\u00dfe bemerken, bitten wir Sie uns auf diese hinzuweisen. Wir werden rechtswidrige Inhalte und Links nach Kenntnisnahme unverz\u00fcglich entfernen.<\/p>\n<h2 id=\"m169\">Bildnachweise<\/h2>\n<p><strong>Bildquellen und Urheberrechtshinweise:<\/strong><\/p>\n<p>Seitenheader<br \/>(c) iStock.com\/Rawpixel Ltd.<\/p>\n<p><a title=\"Rechtstext von Dr. Schwenke - f\u00fcr weitere Informationen bitte anklicken.\" href=\"https:\/\/datenschutz-generator.de\/?l=de\" target=\"_blank\" rel=\"noopener noreferrer nofollow\">Erstellt mit kostenlosem Datenschutz-Generator.de von Dr. Thomas Schwenke<\/a><\/p>\n\n\n<p><\/p>\n","protected":false},"excerpt":{"rendered":"<p>In diesem privat betriebenen Blog geht es um Themen im Zusammenhang mit&nbsp;Digitalisierung, Zukunft der Arbeit, Collaboration, Social Media. Der Blog wird betrieben von&nbsp;Dr. Jochen G\u00fcnther,&nbsp;Professor f\u00fcr Wirtschaftsinformatik an der Hochschule Heilbronn.&nbsp;F\u00fcr&nbsp;Themen- und Artikelvorschl\u00e4ge&nbsp;wenden Sie sich bitte an mich. Angaben gem\u00e4\u00df<\/p>","protected":false},"author":2,"featured_media":0,"parent":0,"menu_order":0,"comment_status":"closed","ping_status":"closed","template":"","meta":{"footnotes":""},"class_list":["post-4","page","type-page","status-publish","hentry"],"yoast_head":"<!-- This site is optimized with the Yoast SEO plugin v27.3 - https:\/\/yoast.com\/product\/yoast-seo-wordpress\/ -->\n<title>Impressum - Prof. Dr. Jochen G\u00fcnther<\/title>\n<meta name=\"description\" content=\"Impressum des privat betriebenen Blogs von Jochen G\u00fcnther zu Themen im Zusammenhang mit Digitalisierung, Zukunft der Arbeit, Collaboration\" \/>\n<meta name=\"robots\" content=\"noindex, follow\" \/>\n<meta property=\"og:locale\" content=\"en_US\" \/>\n<meta property=\"og:type\" content=\"article\" \/>\n<meta property=\"og:title\" content=\"Impressum - Prof. Dr. Jochen G\u00fcnther\" \/>\n<meta property=\"og:description\" content=\"Impressum des privat betriebenen Blogs von Jochen G\u00fcnther zu Themen im Zusammenhang mit Digitalisierung, Zukunft der Arbeit, Collaboration\" \/>\n<meta property=\"og:url\" content=\"https:\/\/jochen-guenther.eu\/en\/impressum\/\" \/>\n<meta property=\"og:site_name\" content=\"Digitalisierung, Collaboration, Arbeit der Zukunft\" \/>\n<meta property=\"article:modified_time\" content=\"2021-06-15T12:35:42+00:00\" \/>\n<meta name=\"twitter:card\" content=\"summary_large_image\" \/>\n<meta name=\"twitter:site\" content=\"@jochen_guenther\" \/>\n<meta name=\"twitter:label1\" content=\"Est. reading time\" \/>\n\t<meta name=\"twitter:data1\" content=\"2 minutes\" \/>\n<script type=\"application\/ld+json\" class=\"yoast-schema-graph\">{\"@context\":\"https:\\\/\\\/schema.org\",\"@graph\":[{\"@type\":\"WebPage\",\"@id\":\"https:\\\/\\\/jochen-guenther.eu\\\/impressum\\\/\",\"url\":\"https:\\\/\\\/jochen-guenther.eu\\\/impressum\\\/\",\"name\":\"Impressum - Prof. Dr. Jochen G\u00fcnther\",\"isPartOf\":{\"@id\":\"https:\\\/\\\/jochen-guenther.eu\\\/#website\"},\"datePublished\":\"2021-06-15T12:00:00+00:00\",\"dateModified\":\"2021-06-15T12:35:42+00:00\",\"description\":\"Impressum des privat betriebenen Blogs von Jochen G\u00fcnther zu Themen im Zusammenhang mit Digitalisierung, Zukunft der Arbeit, Collaboration\",\"breadcrumb\":{\"@id\":\"https:\\\/\\\/jochen-guenther.eu\\\/impressum\\\/#breadcrumb\"},\"inLanguage\":\"en-US\",\"potentialAction\":[{\"@type\":\"ReadAction\",\"target\":[\"https:\\\/\\\/jochen-guenther.eu\\\/impressum\\\/\"]}]},{\"@type\":\"BreadcrumbList\",\"@id\":\"https:\\\/\\\/jochen-guenther.eu\\\/impressum\\\/#breadcrumb\",\"itemListElement\":[{\"@type\":\"ListItem\",\"position\":1,\"name\":\"Home\",\"item\":\"https:\\\/\\\/jochen-guenther.eu\\\/\"},{\"@type\":\"ListItem\",\"position\":2,\"name\":\"Impressum\"}]},{\"@type\":\"WebSite\",\"@id\":\"https:\\\/\\\/jochen-guenther.eu\\\/#website\",\"url\":\"https:\\\/\\\/jochen-guenther.eu\\\/\",\"name\":\"Digitalisierung, Collaboration, Arbeit der Zukunft\",\"description\":\"\",\"publisher\":{\"@id\":\"https:\\\/\\\/jochen-guenther.eu\\\/#\\\/schema\\\/person\\\/9b8b25e3c7e6d27e2ca159d0e7e859e9\"},\"potentialAction\":[{\"@type\":\"SearchAction\",\"target\":{\"@type\":\"EntryPoint\",\"urlTemplate\":\"https:\\\/\\\/jochen-guenther.eu\\\/?s={search_term_string}\"},\"query-input\":{\"@type\":\"PropertyValueSpecification\",\"valueRequired\":true,\"valueName\":\"search_term_string\"}}],\"inLanguage\":\"en-US\"},{\"@type\":[\"Person\",\"Organization\"],\"@id\":\"https:\\\/\\\/jochen-guenther.eu\\\/#\\\/schema\\\/person\\\/9b8b25e3c7e6d27e2ca159d0e7e859e9\",\"name\":\"Jochen G\u00fcnther\",\"image\":{\"@type\":\"ImageObject\",\"inLanguage\":\"en-US\",\"@id\":\"https:\\\/\\\/jochen-guenther.eu\\\/wordpress\\\/wp-content\\\/uploads\\\/2017\\\/11\\\/portrait-150x150.jpg\",\"url\":\"https:\\\/\\\/jochen-guenther.eu\\\/wordpress\\\/wp-content\\\/uploads\\\/2017\\\/11\\\/portrait-150x150.jpg\",\"contentUrl\":\"https:\\\/\\\/jochen-guenther.eu\\\/wordpress\\\/wp-content\\\/uploads\\\/2017\\\/11\\\/portrait-150x150.jpg\",\"caption\":\"Jochen G\u00fcnther\"},\"logo\":{\"@id\":\"https:\\\/\\\/jochen-guenther.eu\\\/wordpress\\\/wp-content\\\/uploads\\\/2017\\\/11\\\/portrait-150x150.jpg\"},\"description\":\"Dr. Jochen G\u00fcnther, Professor f\u00fcr Wirtschaftsinformatik an der Hochschule Heilbronn. Schwerpunkte Social Media, Usability, Audiovisuelle Kommunikation. Zuvor am Fraunhofer IAO in Stuttgart als Projektleiter im Umfeld Collaboration und Digitalisierung sowie Leiter des Competence Center Videokommunikation der Fraunhofer Gesellschaft.\",\"sameAs\":[\"https:\\\/\\\/jochen-guenther.eu\",\"https:\\\/\\\/x.com\\\/jochen_guenther\"]}]}<\/script>\n<!-- \/ Yoast SEO plugin. -->","yoast_head_json":{"title":"Impressum - Prof. Dr. Jochen G\u00fcnther","description":"Impressum des privat betriebenen Blogs von Jochen G\u00fcnther zu Themen im Zusammenhang mit Digitalisierung, Zukunft der Arbeit, Collaboration","robots":{"index":"noindex","follow":"follow"},"og_locale":"en_US","og_type":"article","og_title":"Impressum - Prof. Dr. Jochen G\u00fcnther","og_description":"Impressum des privat betriebenen Blogs von Jochen G\u00fcnther zu Themen im Zusammenhang mit Digitalisierung, Zukunft der Arbeit, Collaboration","og_url":"https:\/\/jochen-guenther.eu\/en\/impressum\/","og_site_name":"Digitalisierung, Collaboration, Arbeit der Zukunft","article_modified_time":"2021-06-15T12:35:42+00:00","twitter_card":"summary_large_image","twitter_site":"@jochen_guenther","twitter_misc":{"Est. reading time":"2 minutes"},"schema":{"@context":"https:\/\/schema.org","@graph":[{"@type":"WebPage","@id":"https:\/\/jochen-guenther.eu\/impressum\/","url":"https:\/\/jochen-guenther.eu\/impressum\/","name":"Impressum - Prof. Dr. Jochen G\u00fcnther","isPartOf":{"@id":"https:\/\/jochen-guenther.eu\/#website"},"datePublished":"2021-06-15T12:00:00+00:00","dateModified":"2021-06-15T12:35:42+00:00","description":"Impressum des privat betriebenen Blogs von Jochen G\u00fcnther zu Themen im Zusammenhang mit Digitalisierung, Zukunft der Arbeit, Collaboration","breadcrumb":{"@id":"https:\/\/jochen-guenther.eu\/impressum\/#breadcrumb"},"inLanguage":"en-US","potentialAction":[{"@type":"ReadAction","target":["https:\/\/jochen-guenther.eu\/impressum\/"]}]},{"@type":"BreadcrumbList","@id":"https:\/\/jochen-guenther.eu\/impressum\/#breadcrumb","itemListElement":[{"@type":"ListItem","position":1,"name":"Home","item":"https:\/\/jochen-guenther.eu\/"},{"@type":"ListItem","position":2,"name":"Impressum"}]},{"@type":"WebSite","@id":"https:\/\/jochen-guenther.eu\/#website","url":"https:\/\/jochen-guenther.eu\/","name":"Digitalisierung, Collaboration, Arbeit der Zukunft","description":"","publisher":{"@id":"https:\/\/jochen-guenther.eu\/#\/schema\/person\/9b8b25e3c7e6d27e2ca159d0e7e859e9"},"potentialAction":[{"@type":"SearchAction","target":{"@type":"EntryPoint","urlTemplate":"https:\/\/jochen-guenther.eu\/?s={search_term_string}"},"query-input":{"@type":"PropertyValueSpecification","valueRequired":true,"valueName":"search_term_string"}}],"inLanguage":"en-US"},{"@type":["Person","Organization"],"@id":"https:\/\/jochen-guenther.eu\/#\/schema\/person\/9b8b25e3c7e6d27e2ca159d0e7e859e9","name":"Jochen G\u00fcnther","image":{"@type":"ImageObject","inLanguage":"en-US","@id":"https:\/\/jochen-guenther.eu\/wordpress\/wp-content\/uploads\/2017\/11\/portrait-150x150.jpg","url":"https:\/\/jochen-guenther.eu\/wordpress\/wp-content\/uploads\/2017\/11\/portrait-150x150.jpg","contentUrl":"https:\/\/jochen-guenther.eu\/wordpress\/wp-content\/uploads\/2017\/11\/portrait-150x150.jpg","caption":"Jochen G\u00fcnther"},"logo":{"@id":"https:\/\/jochen-guenther.eu\/wordpress\/wp-content\/uploads\/2017\/11\/portrait-150x150.jpg"},"description":"Dr. Jochen G\u00fcnther, Professor f\u00fcr Wirtschaftsinformatik an der Hochschule Heilbronn. Schwerpunkte Social Media, Usability, Audiovisuelle Kommunikation. Zuvor am Fraunhofer IAO in Stuttgart als Projektleiter im Umfeld Collaboration und Digitalisierung sowie Leiter des Competence Center Videokommunikation der Fraunhofer Gesellschaft.","sameAs":["https:\/\/jochen-guenther.eu","https:\/\/x.com\/jochen_guenther"]}]}},"_links":{"self":[{"href":"https:\/\/jochen-guenther.eu\/en\/wp-json\/wp\/v2\/pages\/4","targetHints":{"allow":["GET"]}}],"collection":[{"href":"https:\/\/jochen-guenther.eu\/en\/wp-json\/wp\/v2\/pages"}],"about":[{"href":"https:\/\/jochen-guenther.eu\/en\/wp-json\/wp\/v2\/types\/page"}],"author":[{"embeddable":true,"href":"https:\/\/jochen-guenther.eu\/en\/wp-json\/wp\/v2\/users\/2"}],"replies":[{"embeddable":true,"href":"https:\/\/jochen-guenther.eu\/en\/wp-json\/wp\/v2\/comments?post=4"}],"version-history":[{"count":25,"href":"https:\/\/jochen-guenther.eu\/en\/wp-json\/wp\/v2\/pages\/4\/revisions"}],"predecessor-version":[{"id":462,"href":"https:\/\/jochen-guenther.eu\/en\/wp-json\/wp\/v2\/pages\/4\/revisions\/462"}],"wp:attachment":[{"href":"https:\/\/jochen-guenther.eu\/en\/wp-json\/wp\/v2\/media?parent=4"}],"curies":[{"name":"wp","href":"https:\/\/api.w.org\/{rel}","templated":true}]}}