{"id":46,"date":"2021-04-27T21:00:00","date_gmt":"2021-04-27T19:00:00","guid":{"rendered":"http:\/\/jochen-guenther.eu\/wordpress\/?page_id=46"},"modified":"2025-12-01T23:43:46","modified_gmt":"2025-12-01T22:43:46","slug":"jochen-guenther","status":"publish","type":"page","link":"https:\/\/jochen-guenther.eu\/en\/","title":{"rendered":"Jochen G\u00fcnther"},"content":{"rendered":"<p class=\"p1\"><b>Digitale Transformation, K\u00fcnstliche Intelligenz und Cybersicherheit pr\u00e4gen eine Wirtschaftswelt, in der technologische Innovation und der \u201eFaktor Mensch\u201c untrennbar miteinander verbunden sind.<\/b><b><\/b><\/p>\n<p class=\"p2\">Als Professor besch\u00e4ftige ich mich seit vielen Jahren mit den strategischen, organisatorischen und gesellschaftlichen Auswirkungen digitaler Technologien. In meinen Forschungs- und Praxisprojekten steht im Mittelpunkt, wie Unternehmen neue Technologien verantwortungsvoll, sicher und wirksam einsetzen k\u00f6nnen \u2013 und welche Rolle dabei Daten, Algorithmen und menschliches Verhalten spielen.<\/p>\n<p class=\"p2\">Ein besonderer Schwerpunkt liegt auf der Verbindung von <span class=\"s1\"><b>K\u00fcnstlicher Intelligenz<\/b><\/span>, <span class=\"s1\"><b>Cybersecurity<\/b><\/span> und <span class=\"s1\"><b>organisationalem Wandel<\/b><\/span>. Moderne Systeme erm\u00f6glichen neue Formen der Automatisierung, Entscheidungsunterst\u00fctzung und Wertsch\u00f6pfung; gleichzeitig erh\u00f6hen sie die Abh\u00e4ngigkeit von digitalen Strukturen und schaffen neue Angriffsfl\u00e4chen. Themen wie <span class=\"s1\"><b>Deepfakes<\/b><\/span>, <span class=\"s1\"><b>AI-Driven Impersonation<\/b><\/span>, <span class=\"s1\"><b>Phishing \u00fcber audiovisuelle Kan\u00e4le<\/b><\/span>, <span class=\"s1\"><b>Resilienz digitaler Organisationen<\/b><\/span> oder die <span class=\"s1\"><b>Wirkung sicherheitsrelevanter Entscheidungen auf Mitarbeiterebene<\/b><\/span> zeigen deutlich, dass technologische und menschliche Faktoren gemeinsam betrachtet werden m\u00fcssen.<\/p>\n<p class=\"p2\">Mit dem <span class=\"s1\"><b>Lehr- und Lernlabor Cybersicherheit \u2013 Faktor Mensch<\/b><\/span> verfolge ich genau diesen Ansatz: Forschung, Didaktik und Praxisbezug werden systematisch zusammengef\u00fchrt, um Studierende, Unternehmen und Organisationen auf jene Herausforderungen vorzubereiten, die zwischen digitaler Innovation und Sicherheitsanforderungen entstehen. Dazu geh\u00f6ren empirische Studien zu Wahrnehmung und Erkennung von Deepfakes, Analysen zu Sicherheitskulturen, der Einsatz hybrider KI-Modelle f\u00fcr Prognosen oder die Entwicklung strategischer Leitlinien f\u00fcr den Mittelstand.<\/p>\n<p class=\"p2\">Neben der Forschung ist mir der Transfer in Wirtschaft und Gesellschaft wichtig. In Vortr\u00e4gen, Workshops und Publikationen besch\u00e4ftige ich mich mit Fragen wie:<\/p>\n<ul>\n<li>\n<p class=\"p1\">Wie ver\u00e4ndern KI-Systeme Entscheidungsprozesse, F\u00fchrung und Wertsch\u00f6pfung?<\/p>\n<\/li>\n<li>\n<p class=\"p1\">Welche Rolle spielt Cybersicherheit in einer zunehmend automatisierten und vernetzten Arbeitswelt?<\/p>\n<\/li>\n<li>\n<p class=\"p1\">Wie sch\u00fctzen sich Unternehmen vor Identit\u00e4tsmanipulation, social engineering und AI-gest\u00fctzten Angriffen?<\/p>\n<\/li>\n<li>\n<p class=\"p1\">Wie lassen sich digitale Gesch\u00e4ftsmodelle robust, verantwortungsvoll und nachhaltig gestalten?<\/p>\n<\/li>\n<\/ul>\n<p class=\"p2\">Auf dieser Seite dokumentiere ich aktuelle Projekte, Ver\u00f6ffentlichungen und Beitr\u00e4ge zu diesen Themen. Sie verstehen sich als Einladung, digitale Transformation nicht nur technologisch, sondern auch strategisch und menschlich zu denken \u2013 gerade in einer Zeit, in der Vertrauen, Sicherheit und Kompetenz zu zentralen Erfolgsfaktoren werden.<\/p>\n<p class=\"translation-block\">The <a href=\"https:\/\/jochen-guenther.eu\/en\/beitraege\/\" target=\"_self\">contributions<\/a> of this blog describe possible effects on society and economy.<\/p>\n<h2 class=\"translation-block\">About the <a href=\"https:\/\/jochen-guenther.eu\/en\/author\/guenther\/\" target=\"_self\">Author <\/a>- Prof. Dr. Jochen G\u00fcnther<\/h2>\n<p>Dieser Blog wird betrieben von Dr. Jochen G\u00fcnther, Siftungsprofessor f\u00fcr KI &amp; Cybersicherheit an der Hochschule Heilbronn.<\/p>\n<p>Certfied \"<a href=\"https:\/\/www.youracclaim.com\/badges\/65ad3d0a-271d-4643-9709-d2b3b8646ecb\/public_url\">Project Management Professional<\/a>\" (PMP) according to the PMI standard. <a href=\"https:\/\/www.scrumalliance.org\/community\/profile\/jg9nther2\">SCRUM Master<\/a> nach SCRUM Alliance. Bis 2016 t\u00e4tig am Fraunhofer IAO in Stuttgart als Projektleiter und stellvertretender Abteilungsleiterim Umfeld Collaboration und Digitalisierung sowie Leiter des Competence Center Videokommunikation der Fraunhofer-Gesellschaft in M\u00fcnchen.<\/p>","protected":false},"excerpt":{"rendered":"<p>Digitale Transformation, K\u00fcnstliche Intelligenz und Cybersicherheit pr\u00e4gen eine Wirtschaftswelt, in der technologische Innovation und der \u201eFaktor Mensch\u201c untrennbar miteinander verbunden sind. Als Professor besch\u00e4ftige ich mich seit vielen Jahren mit den strategischen, organisatorischen und gesellschaftlichen Auswirkungen digitaler Technologien. In meinen<\/p>","protected":false},"author":2,"featured_media":0,"parent":0,"menu_order":0,"comment_status":"closed","ping_status":"closed","template":"","meta":{"footnotes":""},"class_list":["post-46","page","type-page","status-publish","hentry"],"yoast_head":"<!-- This site is optimized with the Yoast SEO plugin v27.3 - https:\/\/yoast.com\/product\/yoast-seo-wordpress\/ -->\n<title>Jochen G\u00fcnther - Prof. Dr. Jochen G\u00fcnther<\/title>\n<meta name=\"description\" content=\"Blog zu Digitalisierung, Collaboration, Zukunft der Arbeit, New Work, Cognitization von Prof. Dr. Jochen G\u00fcnther.\" \/>\n<meta name=\"robots\" content=\"index, follow, max-snippet:-1, max-image-preview:large, max-video-preview:-1\" \/>\n<link rel=\"canonical\" href=\"https:\/\/jochen-guenther.eu\/en\/\" \/>\n<meta property=\"og:locale\" content=\"en_US\" \/>\n<meta property=\"og:type\" content=\"article\" \/>\n<meta property=\"og:title\" content=\"Jochen G\u00fcnther - Prof. Dr. Jochen G\u00fcnther\" \/>\n<meta property=\"og:description\" content=\"Blog zu Digitalisierung, Collaboration, Zukunft der Arbeit, New Work, Cognitization von Prof. Dr. Jochen G\u00fcnther.\" \/>\n<meta property=\"og:url\" content=\"https:\/\/jochen-guenther.eu\/en\/\" \/>\n<meta property=\"og:site_name\" content=\"Digitalisierung, Collaboration, Arbeit der Zukunft\" \/>\n<meta property=\"article:modified_time\" content=\"2025-12-01T22:43:46+00:00\" \/>\n<meta name=\"twitter:card\" content=\"summary_large_image\" \/>\n<meta name=\"twitter:site\" content=\"@jochen_guenther\" \/>\n<meta name=\"twitter:label1\" content=\"Est. reading time\" \/>\n\t<meta name=\"twitter:data1\" content=\"3 minutes\" \/>\n<script type=\"application\/ld+json\" class=\"yoast-schema-graph\">{\"@context\":\"https:\\\/\\\/schema.org\",\"@graph\":[{\"@type\":\"WebPage\",\"@id\":\"https:\\\/\\\/jochen-guenther.eu\\\/\",\"url\":\"https:\\\/\\\/jochen-guenther.eu\\\/\",\"name\":\"Jochen G\u00fcnther - Prof. Dr. Jochen G\u00fcnther\",\"isPartOf\":{\"@id\":\"https:\\\/\\\/jochen-guenther.eu\\\/#website\"},\"datePublished\":\"2021-04-27T19:00:00+00:00\",\"dateModified\":\"2025-12-01T22:43:46+00:00\",\"description\":\"Blog zu Digitalisierung, Collaboration, Zukunft der Arbeit, New Work, Cognitization von Prof. Dr. Jochen G\u00fcnther.\",\"breadcrumb\":{\"@id\":\"https:\\\/\\\/jochen-guenther.eu\\\/#breadcrumb\"},\"inLanguage\":\"en-US\",\"potentialAction\":[{\"@type\":\"ReadAction\",\"target\":[\"https:\\\/\\\/jochen-guenther.eu\\\/\"]}]},{\"@type\":\"BreadcrumbList\",\"@id\":\"https:\\\/\\\/jochen-guenther.eu\\\/#breadcrumb\",\"itemListElement\":[{\"@type\":\"ListItem\",\"position\":1,\"name\":\"Home\",\"item\":\"https:\\\/\\\/jochen-guenther.eu\\\/\"},{\"@type\":\"ListItem\",\"position\":2,\"name\":\"Jochen G\u00fcnther\"}]},{\"@type\":\"WebSite\",\"@id\":\"https:\\\/\\\/jochen-guenther.eu\\\/#website\",\"url\":\"https:\\\/\\\/jochen-guenther.eu\\\/\",\"name\":\"Digitalisierung, Collaboration, Arbeit der Zukunft\",\"description\":\"\",\"publisher\":{\"@id\":\"https:\\\/\\\/jochen-guenther.eu\\\/#\\\/schema\\\/person\\\/9b8b25e3c7e6d27e2ca159d0e7e859e9\"},\"potentialAction\":[{\"@type\":\"SearchAction\",\"target\":{\"@type\":\"EntryPoint\",\"urlTemplate\":\"https:\\\/\\\/jochen-guenther.eu\\\/?s={search_term_string}\"},\"query-input\":{\"@type\":\"PropertyValueSpecification\",\"valueRequired\":true,\"valueName\":\"search_term_string\"}}],\"inLanguage\":\"en-US\"},{\"@type\":[\"Person\",\"Organization\"],\"@id\":\"https:\\\/\\\/jochen-guenther.eu\\\/#\\\/schema\\\/person\\\/9b8b25e3c7e6d27e2ca159d0e7e859e9\",\"name\":\"Jochen G\u00fcnther\",\"image\":{\"@type\":\"ImageObject\",\"inLanguage\":\"en-US\",\"@id\":\"https:\\\/\\\/jochen-guenther.eu\\\/wordpress\\\/wp-content\\\/uploads\\\/2017\\\/11\\\/portrait-150x150.jpg\",\"url\":\"https:\\\/\\\/jochen-guenther.eu\\\/wordpress\\\/wp-content\\\/uploads\\\/2017\\\/11\\\/portrait-150x150.jpg\",\"contentUrl\":\"https:\\\/\\\/jochen-guenther.eu\\\/wordpress\\\/wp-content\\\/uploads\\\/2017\\\/11\\\/portrait-150x150.jpg\",\"caption\":\"Jochen G\u00fcnther\"},\"logo\":{\"@id\":\"https:\\\/\\\/jochen-guenther.eu\\\/wordpress\\\/wp-content\\\/uploads\\\/2017\\\/11\\\/portrait-150x150.jpg\"},\"description\":\"Dr. Jochen G\u00fcnther, Professor f\u00fcr Wirtschaftsinformatik an der Hochschule Heilbronn. Schwerpunkte Social Media, Usability, Audiovisuelle Kommunikation. Zuvor am Fraunhofer IAO in Stuttgart als Projektleiter im Umfeld Collaboration und Digitalisierung sowie Leiter des Competence Center Videokommunikation der Fraunhofer Gesellschaft.\",\"sameAs\":[\"https:\\\/\\\/jochen-guenther.eu\",\"https:\\\/\\\/x.com\\\/jochen_guenther\"]}]}<\/script>\n<!-- \/ Yoast SEO plugin. -->","yoast_head_json":{"title":"Jochen G\u00fcnther - Prof. Dr. Jochen G\u00fcnther","description":"Blog zu Digitalisierung, Collaboration, Zukunft der Arbeit, New Work, Cognitization von Prof. Dr. Jochen G\u00fcnther.","robots":{"index":"index","follow":"follow","max-snippet":"max-snippet:-1","max-image-preview":"max-image-preview:large","max-video-preview":"max-video-preview:-1"},"canonical":"https:\/\/jochen-guenther.eu\/en\/","og_locale":"en_US","og_type":"article","og_title":"Jochen G\u00fcnther - Prof. Dr. Jochen G\u00fcnther","og_description":"Blog zu Digitalisierung, Collaboration, Zukunft der Arbeit, New Work, Cognitization von Prof. Dr. Jochen G\u00fcnther.","og_url":"https:\/\/jochen-guenther.eu\/en\/","og_site_name":"Digitalisierung, Collaboration, Arbeit der Zukunft","article_modified_time":"2025-12-01T22:43:46+00:00","twitter_card":"summary_large_image","twitter_site":"@jochen_guenther","twitter_misc":{"Est. reading time":"3 minutes"},"schema":{"@context":"https:\/\/schema.org","@graph":[{"@type":"WebPage","@id":"https:\/\/jochen-guenther.eu\/","url":"https:\/\/jochen-guenther.eu\/","name":"Jochen G\u00fcnther - Prof. Dr. Jochen G\u00fcnther","isPartOf":{"@id":"https:\/\/jochen-guenther.eu\/#website"},"datePublished":"2021-04-27T19:00:00+00:00","dateModified":"2025-12-01T22:43:46+00:00","description":"Blog zu Digitalisierung, Collaboration, Zukunft der Arbeit, New Work, Cognitization von Prof. Dr. Jochen G\u00fcnther.","breadcrumb":{"@id":"https:\/\/jochen-guenther.eu\/#breadcrumb"},"inLanguage":"en-US","potentialAction":[{"@type":"ReadAction","target":["https:\/\/jochen-guenther.eu\/"]}]},{"@type":"BreadcrumbList","@id":"https:\/\/jochen-guenther.eu\/#breadcrumb","itemListElement":[{"@type":"ListItem","position":1,"name":"Home","item":"https:\/\/jochen-guenther.eu\/"},{"@type":"ListItem","position":2,"name":"Jochen G\u00fcnther"}]},{"@type":"WebSite","@id":"https:\/\/jochen-guenther.eu\/#website","url":"https:\/\/jochen-guenther.eu\/","name":"Digitalisierung, Collaboration, Arbeit der Zukunft","description":"","publisher":{"@id":"https:\/\/jochen-guenther.eu\/#\/schema\/person\/9b8b25e3c7e6d27e2ca159d0e7e859e9"},"potentialAction":[{"@type":"SearchAction","target":{"@type":"EntryPoint","urlTemplate":"https:\/\/jochen-guenther.eu\/?s={search_term_string}"},"query-input":{"@type":"PropertyValueSpecification","valueRequired":true,"valueName":"search_term_string"}}],"inLanguage":"en-US"},{"@type":["Person","Organization"],"@id":"https:\/\/jochen-guenther.eu\/#\/schema\/person\/9b8b25e3c7e6d27e2ca159d0e7e859e9","name":"Jochen G\u00fcnther","image":{"@type":"ImageObject","inLanguage":"en-US","@id":"https:\/\/jochen-guenther.eu\/wordpress\/wp-content\/uploads\/2017\/11\/portrait-150x150.jpg","url":"https:\/\/jochen-guenther.eu\/wordpress\/wp-content\/uploads\/2017\/11\/portrait-150x150.jpg","contentUrl":"https:\/\/jochen-guenther.eu\/wordpress\/wp-content\/uploads\/2017\/11\/portrait-150x150.jpg","caption":"Jochen G\u00fcnther"},"logo":{"@id":"https:\/\/jochen-guenther.eu\/wordpress\/wp-content\/uploads\/2017\/11\/portrait-150x150.jpg"},"description":"Dr. Jochen G\u00fcnther, Professor f\u00fcr Wirtschaftsinformatik an der Hochschule Heilbronn. Schwerpunkte Social Media, Usability, Audiovisuelle Kommunikation. Zuvor am Fraunhofer IAO in Stuttgart als Projektleiter im Umfeld Collaboration und Digitalisierung sowie Leiter des Competence Center Videokommunikation der Fraunhofer Gesellschaft.","sameAs":["https:\/\/jochen-guenther.eu","https:\/\/x.com\/jochen_guenther"]}]}},"_links":{"self":[{"href":"https:\/\/jochen-guenther.eu\/en\/wp-json\/wp\/v2\/pages\/46","targetHints":{"allow":["GET"]}}],"collection":[{"href":"https:\/\/jochen-guenther.eu\/en\/wp-json\/wp\/v2\/pages"}],"about":[{"href":"https:\/\/jochen-guenther.eu\/en\/wp-json\/wp\/v2\/types\/page"}],"author":[{"embeddable":true,"href":"https:\/\/jochen-guenther.eu\/en\/wp-json\/wp\/v2\/users\/2"}],"replies":[{"embeddable":true,"href":"https:\/\/jochen-guenther.eu\/en\/wp-json\/wp\/v2\/comments?post=46"}],"version-history":[{"count":29,"href":"https:\/\/jochen-guenther.eu\/en\/wp-json\/wp\/v2\/pages\/46\/revisions"}],"predecessor-version":[{"id":555,"href":"https:\/\/jochen-guenther.eu\/en\/wp-json\/wp\/v2\/pages\/46\/revisions\/555"}],"wp:attachment":[{"href":"https:\/\/jochen-guenther.eu\/en\/wp-json\/wp\/v2\/media?parent=46"}],"curies":[{"name":"wp","href":"https:\/\/api.w.org\/{rel}","templated":true}]}}