{"id":64,"date":"2016-09-04T20:50:08","date_gmt":"2016-09-04T18:50:08","guid":{"rendered":"http:\/\/jochen-guenther.eu\/wordpress\/?page_id=64"},"modified":"2021-01-13T01:13:53","modified_gmt":"2021-01-13T00:13:53","slug":"lehre","status":"publish","type":"page","link":"https:\/\/jochen-guenther.eu\/en\/lehre\/","title":{"rendered":"Teaching and final theses"},"content":{"rendered":"<h2>Lehre<\/h2>\n<p>In meinem Lehrbereich meiner Professur f\u00fcr Wirtschaftsinformatik liegen verschiedene <a href=\"https:\/\/jochen-guenther.eu\/en\/lehre\/vorlesungen\/\">Vorlesungen<\/a>&nbsp;aus den Bereichen Social Media,Usability und Audiovisuelle Kommunikation. Die Vorlesungen sind \u00fcberwiegend Teil des <a href=\"https:\/\/www.hs-heilbronn.de\/857414\/schwerpunkte\">Schwerpunkts Social Media Management<\/a> des Studiengangs Wirtschaftsinformatik an der Hochschule Heilbronn.<\/p>\n<h2>Abschlussarbeiten (Bachelor \/ Master)<\/h2>\n<p>Wenn Sie Interesse haben, Ihre Abschlussarbeit zu Themen im Umfeld Social Media, audiovisuelle Kommunikation oder allgemein im thematischen Umfeld Digitalisierung an der Hochschule Heilbronn&nbsp;zu schreiben, wenden Sie sich gerne an mich.<\/p>\n<p>Die Betreuung umfasst in der Regel &nbsp;Themenfindung, Abgleich der Gliederung, Beantwortung inhaltlicher\/ methodischer Fragen, etc.<\/p>\n<p>Die <a href=\"https:\/\/jochen-guenther.eu\/en\/lehre\/abschlussarbeiten\/\">\u00dcbersicht zu den bereits von mir betreuten Arbeiten<\/a>&nbsp;hilft Ihnen vielleicht&nbsp;bei&nbsp;der Suche nach einer passenden Fragestellung.<\/p>","protected":false},"excerpt":{"rendered":"<p>Lehre In meinem Lehrbereich meiner Professur f\u00fcr Wirtschaftsinformatik liegen verschiedene Vorlesungen&nbsp;aus den Bereichen Social Media,Usability und Audiovisuelle Kommunikation. Die Vorlesungen sind \u00fcberwiegend Teil des Schwerpunkts Social Media Management des Studiengangs Wirtschaftsinformatik an der Hochschule Heilbronn. Abschlussarbeiten (Bachelor \/ Master) Wenn<\/p>","protected":false},"author":2,"featured_media":0,"parent":0,"menu_order":0,"comment_status":"closed","ping_status":"closed","template":"","meta":{"footnotes":""},"class_list":["post-64","page","type-page","status-publish","hentry"],"yoast_head":"<!-- This site is optimized with the Yoast SEO plugin v27.3 - https:\/\/yoast.com\/product\/yoast-seo-wordpress\/ -->\n<title>Lehre und Abschlussarbeiten - Prof. Dr. Jochen G\u00fcnther<\/title>\n<meta name=\"description\" content=\"\u00dcbersicht \u00fcber die Aktivit\u00e4ten in Lehre und Betreuung von Abschlussarbeiten (Bachelor \/ Master) von Prof. Dr. Jochen G\u00fcnther\" \/>\n<meta name=\"robots\" content=\"index, follow, max-snippet:-1, max-image-preview:large, max-video-preview:-1\" \/>\n<link rel=\"canonical\" href=\"https:\/\/jochen-guenther.eu\/en\/lehre\/\" \/>\n<meta property=\"og:locale\" content=\"en_US\" \/>\n<meta property=\"og:type\" content=\"article\" \/>\n<meta property=\"og:title\" content=\"Lehre und Abschlussarbeiten - Prof. Dr. Jochen G\u00fcnther\" \/>\n<meta property=\"og:description\" content=\"\u00dcbersicht \u00fcber die Aktivit\u00e4ten in Lehre und Betreuung von Abschlussarbeiten (Bachelor \/ Master) von Prof. Dr. Jochen G\u00fcnther\" \/>\n<meta property=\"og:url\" content=\"https:\/\/jochen-guenther.eu\/en\/lehre\/\" \/>\n<meta property=\"og:site_name\" content=\"Digitalisierung, Collaboration, Arbeit der Zukunft\" \/>\n<meta property=\"article:modified_time\" content=\"2021-01-13T00:13:53+00:00\" \/>\n<meta name=\"twitter:card\" content=\"summary_large_image\" \/>\n<meta name=\"twitter:site\" content=\"@jochen_guenther\" \/>\n<meta name=\"twitter:label1\" content=\"Est. reading time\" \/>\n\t<meta name=\"twitter:data1\" content=\"1 minute\" \/>\n<script type=\"application\/ld+json\" class=\"yoast-schema-graph\">{\"@context\":\"https:\\\/\\\/schema.org\",\"@graph\":[{\"@type\":\"WebPage\",\"@id\":\"https:\\\/\\\/jochen-guenther.eu\\\/lehre\\\/\",\"url\":\"https:\\\/\\\/jochen-guenther.eu\\\/lehre\\\/\",\"name\":\"Lehre und Abschlussarbeiten - Prof. Dr. Jochen G\u00fcnther\",\"isPartOf\":{\"@id\":\"https:\\\/\\\/jochen-guenther.eu\\\/#website\"},\"datePublished\":\"2016-09-04T18:50:08+00:00\",\"dateModified\":\"2021-01-13T00:13:53+00:00\",\"description\":\"\u00dcbersicht \u00fcber die Aktivit\u00e4ten in Lehre und Betreuung von Abschlussarbeiten (Bachelor \\\/ Master) von Prof. Dr. Jochen G\u00fcnther\",\"breadcrumb\":{\"@id\":\"https:\\\/\\\/jochen-guenther.eu\\\/lehre\\\/#breadcrumb\"},\"inLanguage\":\"en-US\",\"potentialAction\":[{\"@type\":\"ReadAction\",\"target\":[\"https:\\\/\\\/jochen-guenther.eu\\\/lehre\\\/\"]}]},{\"@type\":\"BreadcrumbList\",\"@id\":\"https:\\\/\\\/jochen-guenther.eu\\\/lehre\\\/#breadcrumb\",\"itemListElement\":[{\"@type\":\"ListItem\",\"position\":1,\"name\":\"Home\",\"item\":\"https:\\\/\\\/jochen-guenther.eu\\\/\"},{\"@type\":\"ListItem\",\"position\":2,\"name\":\"Lehre und Abschlussarbeiten\"}]},{\"@type\":\"WebSite\",\"@id\":\"https:\\\/\\\/jochen-guenther.eu\\\/#website\",\"url\":\"https:\\\/\\\/jochen-guenther.eu\\\/\",\"name\":\"Digitalisierung, Collaboration, Arbeit der Zukunft\",\"description\":\"\",\"publisher\":{\"@id\":\"https:\\\/\\\/jochen-guenther.eu\\\/#\\\/schema\\\/person\\\/9b8b25e3c7e6d27e2ca159d0e7e859e9\"},\"potentialAction\":[{\"@type\":\"SearchAction\",\"target\":{\"@type\":\"EntryPoint\",\"urlTemplate\":\"https:\\\/\\\/jochen-guenther.eu\\\/?s={search_term_string}\"},\"query-input\":{\"@type\":\"PropertyValueSpecification\",\"valueRequired\":true,\"valueName\":\"search_term_string\"}}],\"inLanguage\":\"en-US\"},{\"@type\":[\"Person\",\"Organization\"],\"@id\":\"https:\\\/\\\/jochen-guenther.eu\\\/#\\\/schema\\\/person\\\/9b8b25e3c7e6d27e2ca159d0e7e859e9\",\"name\":\"Jochen G\u00fcnther\",\"image\":{\"@type\":\"ImageObject\",\"inLanguage\":\"en-US\",\"@id\":\"https:\\\/\\\/jochen-guenther.eu\\\/wordpress\\\/wp-content\\\/uploads\\\/2017\\\/11\\\/portrait-150x150.jpg\",\"url\":\"https:\\\/\\\/jochen-guenther.eu\\\/wordpress\\\/wp-content\\\/uploads\\\/2017\\\/11\\\/portrait-150x150.jpg\",\"contentUrl\":\"https:\\\/\\\/jochen-guenther.eu\\\/wordpress\\\/wp-content\\\/uploads\\\/2017\\\/11\\\/portrait-150x150.jpg\",\"caption\":\"Jochen G\u00fcnther\"},\"logo\":{\"@id\":\"https:\\\/\\\/jochen-guenther.eu\\\/wordpress\\\/wp-content\\\/uploads\\\/2017\\\/11\\\/portrait-150x150.jpg\"},\"description\":\"Dr. Jochen G\u00fcnther, Professor f\u00fcr Wirtschaftsinformatik an der Hochschule Heilbronn. Schwerpunkte Social Media, Usability, Audiovisuelle Kommunikation. Zuvor am Fraunhofer IAO in Stuttgart als Projektleiter im Umfeld Collaboration und Digitalisierung sowie Leiter des Competence Center Videokommunikation der Fraunhofer Gesellschaft.\",\"sameAs\":[\"https:\\\/\\\/jochen-guenther.eu\",\"https:\\\/\\\/x.com\\\/jochen_guenther\"]}]}<\/script>\n<!-- \/ Yoast SEO plugin. -->","yoast_head_json":{"title":"Lehre und Abschlussarbeiten - Prof. Dr. Jochen G\u00fcnther","description":"\u00dcbersicht \u00fcber die Aktivit\u00e4ten in Lehre und Betreuung von Abschlussarbeiten (Bachelor \/ Master) von Prof. Dr. Jochen G\u00fcnther","robots":{"index":"index","follow":"follow","max-snippet":"max-snippet:-1","max-image-preview":"max-image-preview:large","max-video-preview":"max-video-preview:-1"},"canonical":"https:\/\/jochen-guenther.eu\/en\/lehre\/","og_locale":"en_US","og_type":"article","og_title":"Lehre und Abschlussarbeiten - Prof. Dr. Jochen G\u00fcnther","og_description":"\u00dcbersicht \u00fcber die Aktivit\u00e4ten in Lehre und Betreuung von Abschlussarbeiten (Bachelor \/ Master) von Prof. Dr. Jochen G\u00fcnther","og_url":"https:\/\/jochen-guenther.eu\/en\/lehre\/","og_site_name":"Digitalisierung, Collaboration, Arbeit der Zukunft","article_modified_time":"2021-01-13T00:13:53+00:00","twitter_card":"summary_large_image","twitter_site":"@jochen_guenther","twitter_misc":{"Est. reading time":"1 minute"},"schema":{"@context":"https:\/\/schema.org","@graph":[{"@type":"WebPage","@id":"https:\/\/jochen-guenther.eu\/lehre\/","url":"https:\/\/jochen-guenther.eu\/lehre\/","name":"Lehre und Abschlussarbeiten - Prof. Dr. Jochen G\u00fcnther","isPartOf":{"@id":"https:\/\/jochen-guenther.eu\/#website"},"datePublished":"2016-09-04T18:50:08+00:00","dateModified":"2021-01-13T00:13:53+00:00","description":"\u00dcbersicht \u00fcber die Aktivit\u00e4ten in Lehre und Betreuung von Abschlussarbeiten (Bachelor \/ Master) von Prof. Dr. Jochen G\u00fcnther","breadcrumb":{"@id":"https:\/\/jochen-guenther.eu\/lehre\/#breadcrumb"},"inLanguage":"en-US","potentialAction":[{"@type":"ReadAction","target":["https:\/\/jochen-guenther.eu\/lehre\/"]}]},{"@type":"BreadcrumbList","@id":"https:\/\/jochen-guenther.eu\/lehre\/#breadcrumb","itemListElement":[{"@type":"ListItem","position":1,"name":"Home","item":"https:\/\/jochen-guenther.eu\/"},{"@type":"ListItem","position":2,"name":"Lehre und Abschlussarbeiten"}]},{"@type":"WebSite","@id":"https:\/\/jochen-guenther.eu\/#website","url":"https:\/\/jochen-guenther.eu\/","name":"Digitalisierung, Collaboration, Arbeit der Zukunft","description":"","publisher":{"@id":"https:\/\/jochen-guenther.eu\/#\/schema\/person\/9b8b25e3c7e6d27e2ca159d0e7e859e9"},"potentialAction":[{"@type":"SearchAction","target":{"@type":"EntryPoint","urlTemplate":"https:\/\/jochen-guenther.eu\/?s={search_term_string}"},"query-input":{"@type":"PropertyValueSpecification","valueRequired":true,"valueName":"search_term_string"}}],"inLanguage":"en-US"},{"@type":["Person","Organization"],"@id":"https:\/\/jochen-guenther.eu\/#\/schema\/person\/9b8b25e3c7e6d27e2ca159d0e7e859e9","name":"Jochen G\u00fcnther","image":{"@type":"ImageObject","inLanguage":"en-US","@id":"https:\/\/jochen-guenther.eu\/wordpress\/wp-content\/uploads\/2017\/11\/portrait-150x150.jpg","url":"https:\/\/jochen-guenther.eu\/wordpress\/wp-content\/uploads\/2017\/11\/portrait-150x150.jpg","contentUrl":"https:\/\/jochen-guenther.eu\/wordpress\/wp-content\/uploads\/2017\/11\/portrait-150x150.jpg","caption":"Jochen G\u00fcnther"},"logo":{"@id":"https:\/\/jochen-guenther.eu\/wordpress\/wp-content\/uploads\/2017\/11\/portrait-150x150.jpg"},"description":"Dr. Jochen G\u00fcnther, Professor f\u00fcr Wirtschaftsinformatik an der Hochschule Heilbronn. Schwerpunkte Social Media, Usability, Audiovisuelle Kommunikation. Zuvor am Fraunhofer IAO in Stuttgart als Projektleiter im Umfeld Collaboration und Digitalisierung sowie Leiter des Competence Center Videokommunikation der Fraunhofer Gesellschaft.","sameAs":["https:\/\/jochen-guenther.eu","https:\/\/x.com\/jochen_guenther"]}]}},"_links":{"self":[{"href":"https:\/\/jochen-guenther.eu\/en\/wp-json\/wp\/v2\/pages\/64","targetHints":{"allow":["GET"]}}],"collection":[{"href":"https:\/\/jochen-guenther.eu\/en\/wp-json\/wp\/v2\/pages"}],"about":[{"href":"https:\/\/jochen-guenther.eu\/en\/wp-json\/wp\/v2\/types\/page"}],"author":[{"embeddable":true,"href":"https:\/\/jochen-guenther.eu\/en\/wp-json\/wp\/v2\/users\/2"}],"replies":[{"embeddable":true,"href":"https:\/\/jochen-guenther.eu\/en\/wp-json\/wp\/v2\/comments?post=64"}],"version-history":[{"count":11,"href":"https:\/\/jochen-guenther.eu\/en\/wp-json\/wp\/v2\/pages\/64\/revisions"}],"predecessor-version":[{"id":433,"href":"https:\/\/jochen-guenther.eu\/en\/wp-json\/wp\/v2\/pages\/64\/revisions\/433"}],"wp:attachment":[{"href":"https:\/\/jochen-guenther.eu\/en\/wp-json\/wp\/v2\/media?parent=64"}],"curies":[{"name":"wp","href":"https:\/\/api.w.org\/{rel}","templated":true}]}}