{"id":68,"date":"2022-09-01T00:00:00","date_gmt":"2022-08-31T22:00:00","guid":{"rendered":"http:\/\/jochen-guenther.eu\/wordpress\/?page_id=68"},"modified":"2025-12-02T00:35:44","modified_gmt":"2025-12-01T23:35:44","slug":"abschlussarbeiten","status":"publish","type":"page","link":"https:\/\/jochen-guenther.eu\/en\/lehre\/abschlussarbeiten\/","title":{"rendered":"Theses for Academic Degrees"},"content":{"rendered":"<p>Eine \u00dcbersicht, \u00fcber die von mir betreuten Abschlussarbeiten:<\/p>\n<h2>Aktuelle Bachelor- und Master-Abschlussarbeiten (Auswahl):<\/h2>\n<ul>\n<li>&#8222;Welche Rolle spielt der Human Factor in der IT-Sicherheit an Hochschulen und wie kann ein Konzept zur Verbesserung des sicherheitsbewussten Verhaltens entwickelt werden?&#8220;, Heilbronn, 2025<br \/><br \/><\/li>\n<li>&#8222;Entwicklung eines Kriterienkatalogs zur Bewertung von KI-Use-Cases in KMUs&#8220;, Heilbronn, 2025<br \/><br \/><\/li>\n<li>&#8222;Erstellung eines Vorgehensmodells f\u00fcr die Integration von K\u00fcnstlicher Intelligenz in bestehende Unternehmensprozesse&#8220;, Heilbronn, 2025<br \/><br \/><\/li>\n<li>&#8222;Globale KI-Governance: Eine vergleichende Analyse ethischer Prinzipien in regulatorischen Rahmenwerken Chinas, der EU und der Vereinigten Staaten von Amerika&#8220;, Heilbronn, 2025<br \/><br \/><\/li>\n<li>&#8222;Make-or-Buy im KI-Kontext: Eine Analyse theoretischer Grundlagen &amp; KI-spezifischer Einflussfaktoren&#8220;, Heilbronn, 2025<br \/><br \/><\/li>\n<li>&#8222;Analyse und Evaluation bestehender KI-Use-Case Frameworks mit Fokus auf KMUs in Deutschland&#8220;, Heilbronn, 2025<br \/><br \/><\/li>\n<li>&#8222;<a href=\"https:\/\/doi.org\/10.1365\/s40702-025-01224-1\">Arbeitsmodelle im Wandel: Eine theoretische und empirische Untersuchung zyklussensitiver Arbeitsgestaltung<\/a>&#8222;, Heilbronn, 2024\u00a0<br \/><br \/><\/li>\n<li>&#8222;Nachhaltige Transformation der Modebranche: Digitale Gesch\u00e4ftsmodelle zwischen Fast Fashion und Sustainable Fashion&#8220;, Heilbronn, 2024<br \/><br \/><\/li>\n<li>&#8222;Entwicklung eines strategischen Ansatzes zur Transformation und Optimierung unstrukturierter KMU-Gesch\u00e4ftsmodelle&#8220;, Heilbronn, 2024<br \/><br \/><\/li>\n<li>&#8222;F\u00fchrung in Zeiten von Krisen: Eine Analyse der Wirksamkeit von F\u00fchrungsstrategien w\u00e4hrend der COVID-19-Pandemie&#8220;, Heilbronn, 2024<br \/><br \/><\/li>\n<li>&#8222;Eine Analyse der Auswirkungen von K\u00fcnstlicher Intelligenz (KI) auf die zentralen Risikofaktoren in IT- und Softwareprojekten&#8220;, Heilbronn, 2024<br \/><br \/><\/li>\n<li>&#8222;Das KI-Risiko-Framework (KIRIF): Vorbereiten auf die Zukunft der K\u00fcnstlichen Intelligenz&#8220;, Heilbronn, 2024<br \/><br \/><\/li>\n<li>&#8222;Wirksamkeit von Elektrik, Elektronik &amp; SoftwareAbsicherungsma\u00dfnahmen im Anflug auf Vorserien&#8220;, Heilbronn, 2024<br \/><br \/><\/li>\n<li>&#8222;Digitalization strategy as enabler for a profitable production ramp-down&#8220;, Heilbronn, 2024<br \/><br \/><\/li>\n<li>&#8222;Verbesserung der User Experience im Fahrzeug mit Hilfe von K\u00fcnstlicher Intelligenz&#8220;, Heilbronn, 2024<br \/><br \/><\/li>\n<li>&#8222;Gestaltung der Arbeitswelt 4.0: Human Digital Twins von Mitarbeitenden als Schl\u00fcssel?&#8220;, Heilbronn, 2023<br \/><br \/><\/li>\n<li>&#8222;Der Einfluss der intelligenten Assistenten im Einzelhandel&#8220;, Heilbronn, 2023<br \/><br \/><\/li>\n<li>&#8222;Identi\ufb01kation von IT-Trends im Bereich der Outbound Logistik&#8220;, Heilbronn, 2023<br \/><br \/><\/li>\n<li>&#8222;Entwicklung einer Methode zur Sensibilisierung gegen Social-Engineering-Risiken in Bezug auf die IT-Sicherheit&#8220;, Heilbronn, 2023<br \/><br \/><\/li>\n<li>&#8222;Identifizierung und Bewertung von Business Anwendungsf\u00e4llen f\u00fcr Mixed Reality&#8220;, Heilbronn, 2023<br \/><br \/><\/li>\n<li>&#8222;Flexibles Arbeitsmodell \u2013 Entwurf eines prototypischen Transformationskonzeptes f\u00fcr Organisationen&#8220;, Heilbronn, 2023<br \/><br \/><\/li>\n<li>&#8222;Entwicklung eines Vorgehensmodell zur Auswertung und Evaluation von Digitalisierungspotenzialen in Gesch\u00e4ftsprozessen&#8220;, Heilbronn, 2023<\/li>\n<li>&#8222;Digitale F\u00fchrung: Herausforderungen an F\u00fchrungskr\u00e4fte in klein- und mittelst\u00e4ndischen Unternehmen durch die Digitale Transformation in Zeiten der Covid-19 Pandemie&#8220;, Heilbronn, 2022<\/li>\n<\/ul>\n<ul>\n<li>&#8222;Herausforderungen, Gestaltungskriterien und L\u00f6sungsans\u00e4tze f\u00fcr die Mensch-KI-Kollaboration am Beispiel des Recruitingprozesses&#8220;, Heilbronn, 2021<\/li>\n<\/ul>\n<ul>\n<li>&#8222;Evaluierung von Usability Testmethoden f\u00fcr Anwendungen im Bereich \u201eK\u00fcnstliche Intelligenz\u201c&#8220;, Heilbronn, 2021<\/li>\n<\/ul>\n<ul>\n<li>&#8222;Generalizable models, methodologies and theories to design and facilitate Human-AI-Collaboration&#8220;, Heilbronn, 2021<\/li>\n<\/ul>\n<ul>\n<li>&#8222;Voraussetzungen f\u00fcr die erfolgreiche Etablierung und F\u00fchrung von Human-AI-Teams im Vertrieb&#8220;, Heilbronn, 2021<\/li>\n<\/ul>\n<ul>\n<li>&#8222;Empfehlungen f\u00fcr die gebrauchstaugliche Gestaltung von webbasierten Lernanwendungen f\u00fcr Grundschulkinder im Kontext der Wahrnehmung und Motorik&#8220;, Heilbronn, 2021<\/li>\n<\/ul>\n<ul>\n<li>&#8222;Potenzial von Digital Nudging durch IoT-Technologien&#8220;, Heilbronn, 2021<\/li>\n<\/ul>\n<ul>\n<li>&#8222;Erfolgsfaktoren von Social Information Systems f\u00fcr die Kollaboration innerhalb von Unternehmen mit Fokus auf den internen Gesch\u00e4ftsprozessen&#8220;, Heilbronn, 2021<\/li>\n<\/ul>\n<ul>\n<li>&#8222;Nutzung von KI-Technologien zur Optimierung der kollaborativen Wissensarbeit in digitalen Arbeitspl\u00e4tzen&#8220;, Heilbronn, 2021<\/li>\n<\/ul>\n<ul>\n<li>&#8222;Entwurf eines Chatbots f\u00fcr die studentischen Prozesse der Hochschule Heilbronn&#8220;, <a href=\"https:\/\/www.hs-heilbronn.de\/win\">Heilbronn<\/a>, 2020<\/li>\n<\/ul>\n<ul>\n<li>&#8222;Bewertung der Akzeptanz von Gamification am Beispiel der Buchhaltung&#8220;,\u00a0<a href=\"https:\/\/www.hs-heilbronn.de\/win\">Heilbronn<\/a>, 2020<\/li>\n<\/ul>\n<ul>\n<li>&#8222;Potenzialanalyse von Digitalisierungsma\u00dfnahmen zur St\u00e4rkung der Kundenbindung im station\u00e4ren Einzelhandel&#8220;,\u00a0<a href=\"https:\/\/www.hs-heilbronn.de\/win\">Heilbronn<\/a>, 2020<\/li>\n<\/ul>\n<ul>\n<li>&#8222;Anforderungen und KI-basierte L\u00f6sungsans\u00e4tze in der Rechtsrecherche&#8220;,\u00a0<a href=\"https:\/\/www.hs-heilbronn.de\/win\">Hochschule Heilbronn<\/a>, 2020<\/li>\n<\/ul>\n<ul>\n<li>&#8222;Automatisierte Suche und Bewertung von Negativpresse bei der Gesch\u00e4ftspartnerpr\u00fcfung&#8220;,\u00a0<a href=\"https:\/\/www.hs-heilbronn.de\/win\">Hochschule Heilbronn<\/a>, 2020<\/li>\n<\/ul>\n<ul>\n<li>&#8222;Konzeptionierung eines Bewertungsrasters zur Automatisierungsbeurteilung von Berichtsarten mit RPA&#8220;,\u00a0<a href=\"https:\/\/www.hs-heilbronn.de\/win\">Hochschule Heilbronn<\/a>, 2020<\/li>\n<\/ul>\n<ul>\n<li>&#8222;Erstellung eines Kriterienkatalogs als Entscheidungsgrundlage und Leitfaden zur Einf\u00fchrung digitaler Signatur im Human Resource\u00a0Management eines Unternehmens&#8220;,\u00a0<a href=\"https:\/\/www.hs-heilbronn.de\/win\">Hochschule Heilbronn<\/a>, 2020<\/li>\n<\/ul>\n<ul>\n<li>&#8222;Konzeption eines Vorgehensmodells zur systematischen Entwicklung digitaler Services f\u00fcrMobilit\u00e4tskonzepte&#8220;,\u00a0<a href=\"https:\/\/www.hs-heilbronn.de\/win\">Hochschule Heilbronn<\/a>, 2020<\/li>\n<\/ul>\n<ul>\n<li>Requirements-Analyse und prozessgetriebene Optimierung der Traceability in der Fahrzeug-Inbetriebnahme&#8220;,\u00a0<a href=\"https:\/\/www.hs-heilbronn.de\/win\">Hochschule Heilbronn<\/a>, 2020<\/li>\n<\/ul>\n<ul>\n<li>&#8222;Digitalisierung im Einkauf \u2013 Einsatzpotenzial von Robotic Process Automation im strategischen Einkauf&#8220;,\u00a0<a href=\"https:\/\/www.hs-heilbronn.de\/win\">Hochschule Heilbronn<\/a>, 2020<\/li>\n<\/ul>\n<ul>\n<li>&#8222;Akzeptanz von Self-Service-Technologien im agilen Entwicklungsprozess&#8220;, <a href=\"https:\/\/www.hs-heilbronn.de\/win\">Hochschule Heilbronn<\/a>, 2020<\/li>\n<\/ul>\n<ul>\n<li>&#8222;Gamification-Elemente in der Kommunikation und Partizipation in Change-Prozessen&#8220;, <a href=\"https:\/\/www.hs-heilbronn.de\/win\">Hochschule Heilbronn<\/a>, 2020<\/li>\n<\/ul>\n<ul>\n<li>&#8222;Requirements-Analyse und prozessgetriebene Optimierung der Traceability in der Fahrzeug-Inbetriebnahme&#8220;,\u00a0<a href=\"https:\/\/www.hs-heilbronn.de\/win\">Hochschule Heilbronn<\/a>, 2019<\/li>\n<\/ul>\n<ul>\n<li>&#8222;Erstellung eines Auswahlverfahrens geeigneter In\ufb02uencer f\u00fcr eine Social Media Kampagne f\u00fcr Marke und H\u00e4ndler im Automobil-Bereich&#8220;,\u00a0<a href=\"https:\/\/www.hs-heilbronn.de\/win\">Hochschule Heilbronn<\/a>, 2019<\/li>\n<\/ul>\n<ul>\n<li>&#8222;Konzeption eines Vorgehensmodells f\u00fcr die Implementierung von Monitoring KPI Dashboards in Handelsunternehmen&#8220;, <a href=\"https:\/\/www.hs-heilbronn.de\/win\">Hochschule Heilbronn<\/a>, 2019<\/li>\n<\/ul>\n<ul>\n<li>&#8222;Konzeption eines Referenzmodells f\u00fcr die Synchronisation von Daten in der Produktionsumgebung&#8220;,\u00a0<a href=\"https:\/\/www.hs-heilbronn.de\/win\">Hochschule Heilbronn<\/a>, 2019<\/li>\n<\/ul>\n<ul>\n<li>&#8222;Einsatzm\u00f6glichkeiten von KI-Technologien in Wirtschaftspr\u00fcfungsgesellschaften&#8220;,\u00a0<a href=\"https:\/\/www.hs-heilbronn.de\/win\">Hochschule Heilbronn<\/a>, 2019<\/li>\n<\/ul>\n<ul>\n<li>&#8222;Proving the existence of tilt in the field of esports, using the case of League of Legends&#8220;,\u00a0<a href=\"https:\/\/www.hs-heilbronn.de\/win\">Hochschule Heilbronn<\/a>, 2019<\/li>\n<\/ul>\n<ul>\n<li>&#8222;Konzeption eines Dashboards zur Visualisierung von Big Data Inhalten im Automotive Umfeld&#8220;, <a href=\"https:\/\/www.hs-heilbronn.de\/win\">Hochschule Heilbronn<\/a>, 2019<\/li>\n<\/ul>\n<ul>\n<li>&#8222;Entwicklung eines konstruktionsorientierten Modells zur Zusammenf\u00fchrung von Kommunikationsmedien&#8220;,\u00a0<a href=\"https:\/\/www.hs-heilbronn.de\/win\">Hochschule Heilbronn<\/a>, 2018<\/li>\n<\/ul>\n<ul>\n<li>&#8222;Digital Workplace \u2013 Ein\ufb02ussfaktoren auf die Innovationskraft von Wissensarbeitern&#8220;,\u00a0<a href=\"https:\/\/www.hs-heilbronn.de\/win\">Hochschule Heilbronn<\/a>, 2018<\/li>\n<\/ul>\n<ul>\n<li>&#8222;Eine empirische Analyse \u00fcber die Potentiale von Social-Media f\u00fcr Automobilzulieferer bei der Vermarktung von angebotenen Produkten und Dienstleistungen im B2B-Segment&#8220;,\u00a0<a href=\"https:\/\/www.hs-heilbronn.de\/win\">Hochschule Heilbronn<\/a>, 2018<\/li>\n<\/ul>\n<ul>\n<li>&#8222;Konzeption einer Methode zur Planung einer zukunftssicheren\u00a0Systemarchitektur&#8220;,\u00a0<a href=\"https:\/\/www.hs-heilbronn.de\/win\">Hochschule Heilbronn<\/a>, 2018<\/li>\n<\/ul>\n<ul>\n<li>&#8222;Ableitung von Handlungsfelder und Beschreibung von Ma\u00dfnahmen zur\u00a0Digitalisierung des station\u00e4ren Handels&#8220;,\u00a0<a href=\"https:\/\/www.hs-heilbronn.de\/win\">Hochschule Heilbronn<\/a>, 2018<\/li>\n<\/ul>\n<ul>\n<li>Potenziale und Einsatzm\u00f6glichkeiten von\u00a0k\u00fcnstlicher Intelligenz in der Akquisitionsphase des Relationship Marketings,\u00a0<a href=\"https:\/\/www.hs-heilbronn.de\/win\">Hochschule Heilbronn<\/a>, 2018<\/li>\n<\/ul>\n<ul>\n<li>Optimierungspotenzial im Bereich der Usability und dem Look &amp; Feel im\u00a0eines Online-Bestellportal&#8220;, <a href=\"https:\/\/www.hs-heilbronn.de\/win\">Hochschule Heilbronn<\/a>, 2018<\/li>\n<\/ul>\n<ul>\n<li>&#8222;Coordination of team work in large-scale agile approaches&#8220;,\u00a0<a href=\"https:\/\/www.hs-heilbronn.de\/win\">Hochschule Heilbronn<\/a>, 2018<\/li>\n<\/ul>\n<ul>\n<li>&#8222;Potentiale der Digitalisierung f\u00fcr die Hotellerie am Beispiel\u00a0eines privat\u00a0gef\u00fchrten Hotelbetriebs&#8220;,\u00a0<a href=\"https:\/\/www.hs-heilbronn.de\/win\">Hochschule Heilbronn<\/a>, 2018<\/li>\n<\/ul>\n<ul>\n<li>&#8222;Digitales Service Engineering im automobilen Aftermarket&#8220;,\u00a0<a href=\"https:\/\/www.hs-heilbronn.de\/win\">Hochschule Heilbronn<\/a>, 2018<\/li>\n<\/ul>\n<ul>\n<li>&#8222;Potenzial von Virtual Reality Technologien als kommunikationspolitisches Instrument im Marketing und Vertrieb in Unternehmen&#8220;,\u00a0<a href=\"https:\/\/www.hs-heilbronn.de\/win\">Hochschule Heilbronn<\/a>, 2018<\/li>\n<\/ul>\n<ul>\n<li>&#8222;Digitalisierung und Automatisierung einer B\u00fcroumgebung&#8220;,\u00a0 <a href=\"https:\/\/www.hs-heilbronn.de\/win\">Hochschule Heilbronn<\/a>, 2018<\/li>\n<\/ul>\n<ul>\n<li>&#8222;Anforderungen und Erfolgsbewertungen\u00a0von Bestellplattformen im Dentalbereich&#8220;, <a href=\"https:\/\/www.hs-heilbronn.de\/win\">Hochschule Heilbronn<\/a>, 2018<\/li>\n<\/ul>\n<ul>\n<li>&#8222;Messung der Performance von Projektmanagementprozessen\u00a0am Beispiel eines Automobilzulieferers&#8220;, <a href=\"https:\/\/www.hs-heilbronn.de\/win\">Hochschule Heilbronn<\/a>, 2017<\/li>\n<\/ul>\n<ul>\n<li>&#8222;Change Management f\u00fcr die digitale Transformation in kleinen- und mittelst\u00e4ndischen Unternehmen&#8220;,\u00a0<a href=\"https:\/\/www.hs-heilbronn.de\/win\">Hochschule Heilbronn<\/a>, 2017<\/li>\n<\/ul>\n<ul>\n<li>&#8222;Vereinbarkeit von DevOps-Kriterien mit IT-Management-Ans\u00e4tzen und agilen Methoden&#8220;,\u00a0<a href=\"https:\/\/www.hs-heilbronn.de\/win\">Hochschule Heilbronn<\/a>, 2017<\/li>\n<\/ul>\n<ul>\n<li>&#8222;Smart Services im Zeitalter der digitalen Transformation am Beispiel der Automobilbranche&#8220;,\u00a0<a href=\"https:\/\/www.hs-heilbronn.de\/win\">Hochschule Heilbronn<\/a>, 2017<\/li>\n<\/ul>\n<ul>\n<li>&#8222;Entwicklung einer Vorgehensweise zur Umsetzung des Social Customer Relationship Managements in Unternehmen&#8220;,\u00a0<a href=\"https:\/\/www.hs-heilbronn.de\/win\">Hochschule Heilbronn<\/a>, 2017<\/li>\n<\/ul>\n<ul>\n<li>&#8222;Influencer-Marketing:\u00a0Influencer-Identifikation und Bewertung \u2013 Tools &amp; Ans\u00e4tze&#8220;, <a href=\"https:\/\/www.hs-heilbronn.de\/win\">Hochschule Heilbronn<\/a>, 2017<\/li>\n<\/ul>\n<ul>\n<li>&#8222;KPIs f\u00fcr Verbesserungs- und Risikomanagementprozesse im IT Betrieb von IoT L\u00f6sungen&#8220;\u00a0<a href=\"https:\/\/www.hs-heilbronn.de\/win\">Hochschule Heilbronn<\/a>, 2017<\/li>\n<\/ul>\n<ul>\n<li>&#8222;Change Management f\u00fcr die Digitalisierung in kleine und mittlere Unternehmen&#8220;,\u00a0<a href=\"https:\/\/www.hs-heilbronn.de\/win\">Hochschule Heilbronn<\/a>, 2017<\/li>\n<\/ul>\n<ul>\n<li>&#8222;Herausforderungen der Suchmaschinenoptimierung am Beispiel einer Worpress-basierenden Website&#8220;, <a href=\"https:\/\/www.hs-heilbronn.de\/win\">Hochschule Heilbronn<\/a>, 2016<\/li>\n<\/ul>\n<ul>\n<li>&#8222;Vergleich verschiedener Methoden\u00a0zur\u00a0Wirtschaftlichkeitsbetrachtung\u00a0IT-gest\u00fctzter Zusammenarbeit&#8220;, Universit\u00e4t Stuttgart, 2016<\/li>\n<\/ul>\n<ul>\n<li>&#8222;Reifegradmodelle zur Beurteilung von Social Media in Unternehmen\u201d, Hochschule Reutlingen, Medien- und Kommunikationsinformatik, 2011<\/li>\n<\/ul>\n<h2>Diplom-Abschlussarbeiten:<\/h2>\n<ul>\n<li>&#8222;Die soziostrukturellen Rahmenbedingungen des Wissensmanagements mit Social Media\u201d, Universit\u00e4t Hohenheim, Fakult\u00e4t Wirtschafts- und Sozialwissenschaften, Lehrstuhl f\u00fcr Kommunikationswissenschaft und Sozialforschung, 2012<\/li>\n<\/ul>\n<ul>\n<li>&#8222;Erstellung eines Rahmenkonzepts f\u00fcr Knowledge-Communities unter Ber\u00fccksichtigung technikinduzierte Fragestellungen computervermittelter Kommunikation\u201d, Hochschule der Medien Stuttgart, Fakult\u00e4t Electronic Media, Studiengang Medienwirtschaft, 2009<\/li>\n<\/ul>\n<ul>\n<li>&#8222;IT-Sicherheit f\u00fcr mobile Anwendungen am Beispiel eines Ressourcenmanagement in der Bauauftragsabwicklung\u201d, Hochschule der Medien Stuttgart, Fakult\u00e4t Druck und Medien, Studiengang Medieninformatik, 2008<\/li>\n<\/ul>\n<ul>\n<li>\u201cEntwicklung einer erg\u00e4nzenden SIP-Infrastruktur mit dem Schwerpunkt Videokonferenz\u201d,<br \/>FH Dortmund, Fachbereich Informations- und Elektrotechnik, Studiengang Telekommunikationstechnik, 2007<\/li>\n<\/ul>\n<ul>\n<li>&#8222;Entwicklung und Evaluation einer kontextadaptiven Lernanwendung\u201d, Universit\u00e4t Ulm, Fakult\u00e4t f\u00fcr Informatik, Institut f\u00fcr Medieninformatik, 2007<\/li>\n<\/ul>\n<h2>\u00a0<\/h2>\n\n\n<p><\/p>\n\n\n\n<p><\/p>","protected":false},"excerpt":{"rendered":"<p>Eine \u00dcbersicht, \u00fcber die von mir betreuten Abschlussarbeiten: Aktuelle Bachelor- und Master-Abschlussarbeiten (Auswahl): &#8222;Welche Rolle spielt der Human Factor in der IT-Sicherheit an Hochschulen und wie kann ein Konzept zur Verbesserung des sicherheitsbewussten Verhaltens entwickelt werden?&#8220;, Heilbronn, 2025 &#8222;Entwicklung eines<\/p>","protected":false},"author":2,"featured_media":0,"parent":64,"menu_order":0,"comment_status":"closed","ping_status":"closed","template":"","meta":{"footnotes":""},"class_list":["post-68","page","type-page","status-publish","hentry"],"yoast_head":"<!-- This site is optimized with the Yoast SEO plugin v27.3 - https:\/\/yoast.com\/product\/yoast-seo-wordpress\/ -->\n<title>Akademische Abschlussarbeiten - Prof. Dr. Jochen G\u00fcnther<\/title>\n<meta name=\"description\" content=\"Betreute Abschlussarbeiten (Bachelor, Master, Diplom) aus den Bereichen Social Media \/ Digitalisierung, Usability, Audio-Visuelle Kommunikation.\" \/>\n<meta name=\"robots\" content=\"index, follow, max-snippet:-1, max-image-preview:large, max-video-preview:-1\" \/>\n<link rel=\"canonical\" href=\"https:\/\/jochen-guenther.eu\/en\/lehre\/abschlussarbeiten\/\" \/>\n<meta property=\"og:locale\" content=\"en_US\" \/>\n<meta property=\"og:type\" content=\"article\" \/>\n<meta property=\"og:title\" content=\"Akademische Abschlussarbeiten - Prof. Dr. Jochen G\u00fcnther\" \/>\n<meta property=\"og:description\" content=\"Betreute Abschlussarbeiten (Bachelor, Master, Diplom) aus den Bereichen Social Media \/ Digitalisierung, Usability, Audio-Visuelle Kommunikation.\" \/>\n<meta property=\"og:url\" content=\"https:\/\/jochen-guenther.eu\/en\/lehre\/abschlussarbeiten\/\" \/>\n<meta property=\"og:site_name\" content=\"Digitalisierung, Collaboration, Arbeit der Zukunft\" \/>\n<meta property=\"article:modified_time\" content=\"2025-12-01T23:35:44+00:00\" \/>\n<meta name=\"twitter:card\" content=\"summary_large_image\" \/>\n<meta name=\"twitter:site\" content=\"@jochen_guenther\" \/>\n<meta name=\"twitter:label1\" content=\"Est. reading time\" \/>\n\t<meta name=\"twitter:data1\" content=\"7 minutes\" \/>\n<script type=\"application\/ld+json\" class=\"yoast-schema-graph\">{\"@context\":\"https:\\\/\\\/schema.org\",\"@graph\":[{\"@type\":\"WebPage\",\"@id\":\"https:\\\/\\\/jochen-guenther.eu\\\/lehre\\\/abschlussarbeiten\\\/\",\"url\":\"https:\\\/\\\/jochen-guenther.eu\\\/lehre\\\/abschlussarbeiten\\\/\",\"name\":\"Akademische Abschlussarbeiten - Prof. Dr. Jochen G\u00fcnther\",\"isPartOf\":{\"@id\":\"https:\\\/\\\/jochen-guenther.eu\\\/#website\"},\"datePublished\":\"2022-08-31T22:00:00+00:00\",\"dateModified\":\"2025-12-01T23:35:44+00:00\",\"description\":\"Betreute Abschlussarbeiten (Bachelor, Master, Diplom) aus den Bereichen Social Media \\\/ Digitalisierung, Usability, Audio-Visuelle Kommunikation.\",\"breadcrumb\":{\"@id\":\"https:\\\/\\\/jochen-guenther.eu\\\/lehre\\\/abschlussarbeiten\\\/#breadcrumb\"},\"inLanguage\":\"en-US\",\"potentialAction\":[{\"@type\":\"ReadAction\",\"target\":[\"https:\\\/\\\/jochen-guenther.eu\\\/lehre\\\/abschlussarbeiten\\\/\"]}]},{\"@type\":\"BreadcrumbList\",\"@id\":\"https:\\\/\\\/jochen-guenther.eu\\\/lehre\\\/abschlussarbeiten\\\/#breadcrumb\",\"itemListElement\":[{\"@type\":\"ListItem\",\"position\":1,\"name\":\"Home\",\"item\":\"https:\\\/\\\/jochen-guenther.eu\\\/\"},{\"@type\":\"ListItem\",\"position\":2,\"name\":\"Lehre und Abschlussarbeiten\",\"item\":\"https:\\\/\\\/jochen-guenther.eu\\\/lehre\\\/\"},{\"@type\":\"ListItem\",\"position\":3,\"name\":\"Akademische Abschlussarbeiten\"}]},{\"@type\":\"WebSite\",\"@id\":\"https:\\\/\\\/jochen-guenther.eu\\\/#website\",\"url\":\"https:\\\/\\\/jochen-guenther.eu\\\/\",\"name\":\"Digitalisierung, Collaboration, Arbeit der Zukunft\",\"description\":\"\",\"publisher\":{\"@id\":\"https:\\\/\\\/jochen-guenther.eu\\\/#\\\/schema\\\/person\\\/9b8b25e3c7e6d27e2ca159d0e7e859e9\"},\"potentialAction\":[{\"@type\":\"SearchAction\",\"target\":{\"@type\":\"EntryPoint\",\"urlTemplate\":\"https:\\\/\\\/jochen-guenther.eu\\\/?s={search_term_string}\"},\"query-input\":{\"@type\":\"PropertyValueSpecification\",\"valueRequired\":true,\"valueName\":\"search_term_string\"}}],\"inLanguage\":\"en-US\"},{\"@type\":[\"Person\",\"Organization\"],\"@id\":\"https:\\\/\\\/jochen-guenther.eu\\\/#\\\/schema\\\/person\\\/9b8b25e3c7e6d27e2ca159d0e7e859e9\",\"name\":\"Jochen G\u00fcnther\",\"image\":{\"@type\":\"ImageObject\",\"inLanguage\":\"en-US\",\"@id\":\"https:\\\/\\\/jochen-guenther.eu\\\/wordpress\\\/wp-content\\\/uploads\\\/2017\\\/11\\\/portrait-150x150.jpg\",\"url\":\"https:\\\/\\\/jochen-guenther.eu\\\/wordpress\\\/wp-content\\\/uploads\\\/2017\\\/11\\\/portrait-150x150.jpg\",\"contentUrl\":\"https:\\\/\\\/jochen-guenther.eu\\\/wordpress\\\/wp-content\\\/uploads\\\/2017\\\/11\\\/portrait-150x150.jpg\",\"caption\":\"Jochen G\u00fcnther\"},\"logo\":{\"@id\":\"https:\\\/\\\/jochen-guenther.eu\\\/wordpress\\\/wp-content\\\/uploads\\\/2017\\\/11\\\/portrait-150x150.jpg\"},\"description\":\"Dr. Jochen G\u00fcnther, Professor f\u00fcr Wirtschaftsinformatik an der Hochschule Heilbronn. Schwerpunkte Social Media, Usability, Audiovisuelle Kommunikation. Zuvor am Fraunhofer IAO in Stuttgart als Projektleiter im Umfeld Collaboration und Digitalisierung sowie Leiter des Competence Center Videokommunikation der Fraunhofer Gesellschaft.\",\"sameAs\":[\"https:\\\/\\\/jochen-guenther.eu\",\"https:\\\/\\\/x.com\\\/jochen_guenther\"]}]}<\/script>\n<!-- \/ Yoast SEO plugin. -->","yoast_head_json":{"title":"Akademische Abschlussarbeiten - Prof. Dr. Jochen G\u00fcnther","description":"Betreute Abschlussarbeiten (Bachelor, Master, Diplom) aus den Bereichen Social Media \/ Digitalisierung, Usability, Audio-Visuelle Kommunikation.","robots":{"index":"index","follow":"follow","max-snippet":"max-snippet:-1","max-image-preview":"max-image-preview:large","max-video-preview":"max-video-preview:-1"},"canonical":"https:\/\/jochen-guenther.eu\/en\/lehre\/abschlussarbeiten\/","og_locale":"en_US","og_type":"article","og_title":"Akademische Abschlussarbeiten - Prof. Dr. Jochen G\u00fcnther","og_description":"Betreute Abschlussarbeiten (Bachelor, Master, Diplom) aus den Bereichen Social Media \/ Digitalisierung, Usability, Audio-Visuelle Kommunikation.","og_url":"https:\/\/jochen-guenther.eu\/en\/lehre\/abschlussarbeiten\/","og_site_name":"Digitalisierung, Collaboration, Arbeit der Zukunft","article_modified_time":"2025-12-01T23:35:44+00:00","twitter_card":"summary_large_image","twitter_site":"@jochen_guenther","twitter_misc":{"Est. reading time":"7 minutes"},"schema":{"@context":"https:\/\/schema.org","@graph":[{"@type":"WebPage","@id":"https:\/\/jochen-guenther.eu\/lehre\/abschlussarbeiten\/","url":"https:\/\/jochen-guenther.eu\/lehre\/abschlussarbeiten\/","name":"Akademische Abschlussarbeiten - Prof. Dr. Jochen G\u00fcnther","isPartOf":{"@id":"https:\/\/jochen-guenther.eu\/#website"},"datePublished":"2022-08-31T22:00:00+00:00","dateModified":"2025-12-01T23:35:44+00:00","description":"Betreute Abschlussarbeiten (Bachelor, Master, Diplom) aus den Bereichen Social Media \/ Digitalisierung, Usability, Audio-Visuelle Kommunikation.","breadcrumb":{"@id":"https:\/\/jochen-guenther.eu\/lehre\/abschlussarbeiten\/#breadcrumb"},"inLanguage":"en-US","potentialAction":[{"@type":"ReadAction","target":["https:\/\/jochen-guenther.eu\/lehre\/abschlussarbeiten\/"]}]},{"@type":"BreadcrumbList","@id":"https:\/\/jochen-guenther.eu\/lehre\/abschlussarbeiten\/#breadcrumb","itemListElement":[{"@type":"ListItem","position":1,"name":"Home","item":"https:\/\/jochen-guenther.eu\/"},{"@type":"ListItem","position":2,"name":"Lehre und Abschlussarbeiten","item":"https:\/\/jochen-guenther.eu\/lehre\/"},{"@type":"ListItem","position":3,"name":"Akademische Abschlussarbeiten"}]},{"@type":"WebSite","@id":"https:\/\/jochen-guenther.eu\/#website","url":"https:\/\/jochen-guenther.eu\/","name":"Digitalisierung, Collaboration, Arbeit der Zukunft","description":"","publisher":{"@id":"https:\/\/jochen-guenther.eu\/#\/schema\/person\/9b8b25e3c7e6d27e2ca159d0e7e859e9"},"potentialAction":[{"@type":"SearchAction","target":{"@type":"EntryPoint","urlTemplate":"https:\/\/jochen-guenther.eu\/?s={search_term_string}"},"query-input":{"@type":"PropertyValueSpecification","valueRequired":true,"valueName":"search_term_string"}}],"inLanguage":"en-US"},{"@type":["Person","Organization"],"@id":"https:\/\/jochen-guenther.eu\/#\/schema\/person\/9b8b25e3c7e6d27e2ca159d0e7e859e9","name":"Jochen G\u00fcnther","image":{"@type":"ImageObject","inLanguage":"en-US","@id":"https:\/\/jochen-guenther.eu\/wordpress\/wp-content\/uploads\/2017\/11\/portrait-150x150.jpg","url":"https:\/\/jochen-guenther.eu\/wordpress\/wp-content\/uploads\/2017\/11\/portrait-150x150.jpg","contentUrl":"https:\/\/jochen-guenther.eu\/wordpress\/wp-content\/uploads\/2017\/11\/portrait-150x150.jpg","caption":"Jochen G\u00fcnther"},"logo":{"@id":"https:\/\/jochen-guenther.eu\/wordpress\/wp-content\/uploads\/2017\/11\/portrait-150x150.jpg"},"description":"Dr. Jochen G\u00fcnther, Professor f\u00fcr Wirtschaftsinformatik an der Hochschule Heilbronn. Schwerpunkte Social Media, Usability, Audiovisuelle Kommunikation. Zuvor am Fraunhofer IAO in Stuttgart als Projektleiter im Umfeld Collaboration und Digitalisierung sowie Leiter des Competence Center Videokommunikation der Fraunhofer Gesellschaft.","sameAs":["https:\/\/jochen-guenther.eu","https:\/\/x.com\/jochen_guenther"]}]}},"_links":{"self":[{"href":"https:\/\/jochen-guenther.eu\/en\/wp-json\/wp\/v2\/pages\/68","targetHints":{"allow":["GET"]}}],"collection":[{"href":"https:\/\/jochen-guenther.eu\/en\/wp-json\/wp\/v2\/pages"}],"about":[{"href":"https:\/\/jochen-guenther.eu\/en\/wp-json\/wp\/v2\/types\/page"}],"author":[{"embeddable":true,"href":"https:\/\/jochen-guenther.eu\/en\/wp-json\/wp\/v2\/users\/2"}],"replies":[{"embeddable":true,"href":"https:\/\/jochen-guenther.eu\/en\/wp-json\/wp\/v2\/comments?post=68"}],"version-history":[{"count":32,"href":"https:\/\/jochen-guenther.eu\/en\/wp-json\/wp\/v2\/pages\/68\/revisions"}],"predecessor-version":[{"id":557,"href":"https:\/\/jochen-guenther.eu\/en\/wp-json\/wp\/v2\/pages\/68\/revisions\/557"}],"up":[{"embeddable":true,"href":"https:\/\/jochen-guenther.eu\/en\/wp-json\/wp\/v2\/pages\/64"}],"wp:attachment":[{"href":"https:\/\/jochen-guenther.eu\/en\/wp-json\/wp\/v2\/media?parent=68"}],"curies":[{"name":"wp","href":"https:\/\/api.w.org\/{rel}","templated":true}]}}