{"id":8,"date":"2022-07-01T19:00:00","date_gmt":"2022-07-01T17:00:00","guid":{"rendered":"http:\/\/53729276.swh.strato-hosting.eu\/wordpress\/?page_id=8"},"modified":"2025-12-02T00:44:36","modified_gmt":"2025-12-01T23:44:36","slug":"fachvortraege","status":"publish","type":"page","link":"https:\/\/jochen-guenther.eu\/en\/fachvortraege\/","title":{"rendered":"Presentations"},"content":{"rendered":"<h2>Eine Auswahl der von Jochen G\u00fcnther\u00a0gehaltenen Fachvortr\u00e4ge:<\/h2>\n<ul>\n<li>\u201c<strong>Wie KI den Mittelstand ver\u00e4ndert &#8211; Impulse f\u00fcr\u00a0<\/strong><b>Entscheider<\/b>\u201d, Speditionsunternehmen, 26.06.2025<\/li>\n<li><strong>\u201cVom Risiko zur Ressource: Handlungsempfehlungen f\u00fcr einen souver\u00e4nen Umgang mit dem Faktor Mensch in der Cybersicherheit<\/strong>\u201d, Evangelische Kirche Deutschland, Berlin, 23.05.2025<\/li>\n<li><strong>&#8222;Gesch\u00e4ftsmodellentwicklung \u2013 Marktpotentiale der Technik<\/strong>&#8222;, Symposium &#8222;Die Kraft der Bewegung als Digitale Laufplattform, Hochschule Heilbronn, 24.10.24<\/li>\n<li>\u201c<strong>Digital Marketing<\/strong>\u201d, Digital Transformation Room, Hochschule Heilbronn, 01.06.2022<\/li>\n<li>\u201c<a href=\"https:\/\/jochen-guenther.eu\/en\/digital-transformation-room-lets-talk-digital\/\"><strong>Der digitale Arbeitsplatz 4.0<\/strong><\/a>\u201d, Digital Transformation Room, Hochschule Heilbronn, 28.04.2021<\/li>\n<li><b>&#8222;Der digitale Arbeitsplatz &#8211;\u00a0<\/b><span style=\"font-weight: 600;\">Herausforderungen<\/span><b>\u00a0und Implikationen f\u00fcr die Gestaltung&#8220;<\/b>, avodaq Zukunftstag 2.0, <a href=\"https:\/\/www.avodaq.com\/de\">avodaq GmbH<\/a>, Hamburg, 06.12.18<\/li>\n<li><strong>&#8222;Arbeitsplatz der Zukunft&#8220;<\/strong>, <a href=\"https:\/\/www.dekom.com\/de-de\/news-artikel\/dekom-conferencing-seaport-day-2018\/\">DEKOM Conferencing &amp; Seaport Day 2018<\/a>, DEKOM AG, Hamburg, 15.06.18<\/li>\n<\/ul>","protected":false},"excerpt":{"rendered":"<p>Eine Auswahl der von Jochen G\u00fcnther\u00a0gehaltenen Fachvortr\u00e4ge: \u201cWie KI den Mittelstand ver\u00e4ndert &#8211; Impulse f\u00fcr\u00a0Entscheider\u201d, Speditionsunternehmen, 26.06.2025 \u201cVom Risiko zur Ressource: Handlungsempfehlungen f\u00fcr einen souver\u00e4nen Umgang mit dem Faktor Mensch in der Cybersicherheit\u201d, Evangelische Kirche Deutschland, Berlin, 23.05.2025 &#8222;Gesch\u00e4ftsmodellentwicklung \u2013<\/p>","protected":false},"author":2,"featured_media":39,"parent":0,"menu_order":0,"comment_status":"closed","ping_status":"closed","template":"","meta":{"footnotes":""},"class_list":["post-8","page","type-page","status-publish","has-post-thumbnail","hentry"],"yoast_head":"<!-- This site is optimized with the Yoast SEO plugin v27.3 - https:\/\/yoast.com\/product\/yoast-seo-wordpress\/ -->\n<title>Fachvortr\u00e4ge - Prof. Dr. Jochen G\u00fcnther<\/title>\n<meta name=\"description\" content=\"Fachvortr\u00e4ge von Prof. Dr. Jochen G\u00fcnther zu den Themen Digitalisierung, Collaboration, Zukunft der Arbeit, Agile Organisation\" \/>\n<meta name=\"robots\" content=\"index, follow, max-snippet:-1, max-image-preview:large, max-video-preview:-1\" \/>\n<link rel=\"canonical\" href=\"https:\/\/jochen-guenther.eu\/en\/fachvortraege\/\" \/>\n<meta property=\"og:locale\" content=\"en_US\" \/>\n<meta property=\"og:type\" content=\"article\" \/>\n<meta property=\"og:title\" content=\"Fachvortr\u00e4ge - Prof. Dr. Jochen G\u00fcnther\" \/>\n<meta property=\"og:description\" content=\"Fachvortr\u00e4ge von Prof. Dr. Jochen G\u00fcnther zu den Themen Digitalisierung, Collaboration, Zukunft der Arbeit, Agile Organisation\" \/>\n<meta property=\"og:url\" content=\"https:\/\/jochen-guenther.eu\/en\/fachvortraege\/\" \/>\n<meta property=\"og:site_name\" content=\"Digitalisierung, Collaboration, Arbeit der Zukunft\" \/>\n<meta property=\"article:modified_time\" content=\"2025-12-01T23:44:36+00:00\" \/>\n<meta property=\"og:image\" content=\"https:\/\/jochen-guenther.eu\/wordpress\/wp-content\/uploads\/2016\/02\/vortrag-jochen-guenther.jpeg\" \/>\n\t<meta property=\"og:image:width\" content=\"1024\" \/>\n\t<meta property=\"og:image:height\" content=\"575\" \/>\n\t<meta property=\"og:image:type\" content=\"image\/jpeg\" \/>\n<meta name=\"twitter:card\" content=\"summary_large_image\" \/>\n<meta name=\"twitter:site\" content=\"@jochen_guenther\" \/>\n<meta name=\"twitter:label1\" content=\"Est. reading time\" \/>\n\t<meta name=\"twitter:data1\" content=\"1 minute\" \/>\n<script type=\"application\/ld+json\" class=\"yoast-schema-graph\">{\"@context\":\"https:\\\/\\\/schema.org\",\"@graph\":[{\"@type\":\"WebPage\",\"@id\":\"https:\\\/\\\/jochen-guenther.eu\\\/fachvortraege\\\/\",\"url\":\"https:\\\/\\\/jochen-guenther.eu\\\/fachvortraege\\\/\",\"name\":\"Fachvortr\u00e4ge - Prof. Dr. Jochen G\u00fcnther\",\"isPartOf\":{\"@id\":\"https:\\\/\\\/jochen-guenther.eu\\\/#website\"},\"primaryImageOfPage\":{\"@id\":\"https:\\\/\\\/jochen-guenther.eu\\\/fachvortraege\\\/#primaryimage\"},\"image\":{\"@id\":\"https:\\\/\\\/jochen-guenther.eu\\\/fachvortraege\\\/#primaryimage\"},\"thumbnailUrl\":\"https:\\\/\\\/jochen-guenther.eu\\\/wordpress\\\/wp-content\\\/uploads\\\/2016\\\/02\\\/vortrag-jochen-guenther.jpeg\",\"datePublished\":\"2022-07-01T17:00:00+00:00\",\"dateModified\":\"2025-12-01T23:44:36+00:00\",\"description\":\"Fachvortr\u00e4ge von Prof. Dr. Jochen G\u00fcnther zu den Themen Digitalisierung, Collaboration, Zukunft der Arbeit, Agile Organisation\",\"breadcrumb\":{\"@id\":\"https:\\\/\\\/jochen-guenther.eu\\\/fachvortraege\\\/#breadcrumb\"},\"inLanguage\":\"en-US\",\"potentialAction\":[{\"@type\":\"ReadAction\",\"target\":[\"https:\\\/\\\/jochen-guenther.eu\\\/fachvortraege\\\/\"]}]},{\"@type\":\"ImageObject\",\"inLanguage\":\"en-US\",\"@id\":\"https:\\\/\\\/jochen-guenther.eu\\\/fachvortraege\\\/#primaryimage\",\"url\":\"https:\\\/\\\/jochen-guenther.eu\\\/wordpress\\\/wp-content\\\/uploads\\\/2016\\\/02\\\/vortrag-jochen-guenther.jpeg\",\"contentUrl\":\"https:\\\/\\\/jochen-guenther.eu\\\/wordpress\\\/wp-content\\\/uploads\\\/2016\\\/02\\\/vortrag-jochen-guenther.jpeg\",\"width\":1024,\"height\":575},{\"@type\":\"BreadcrumbList\",\"@id\":\"https:\\\/\\\/jochen-guenther.eu\\\/fachvortraege\\\/#breadcrumb\",\"itemListElement\":[{\"@type\":\"ListItem\",\"position\":1,\"name\":\"Home\",\"item\":\"https:\\\/\\\/jochen-guenther.eu\\\/\"},{\"@type\":\"ListItem\",\"position\":2,\"name\":\"Fachvortr\u00e4ge\"}]},{\"@type\":\"WebSite\",\"@id\":\"https:\\\/\\\/jochen-guenther.eu\\\/#website\",\"url\":\"https:\\\/\\\/jochen-guenther.eu\\\/\",\"name\":\"Digitalisierung, Collaboration, Arbeit der Zukunft\",\"description\":\"\",\"publisher\":{\"@id\":\"https:\\\/\\\/jochen-guenther.eu\\\/#\\\/schema\\\/person\\\/9b8b25e3c7e6d27e2ca159d0e7e859e9\"},\"potentialAction\":[{\"@type\":\"SearchAction\",\"target\":{\"@type\":\"EntryPoint\",\"urlTemplate\":\"https:\\\/\\\/jochen-guenther.eu\\\/?s={search_term_string}\"},\"query-input\":{\"@type\":\"PropertyValueSpecification\",\"valueRequired\":true,\"valueName\":\"search_term_string\"}}],\"inLanguage\":\"en-US\"},{\"@type\":[\"Person\",\"Organization\"],\"@id\":\"https:\\\/\\\/jochen-guenther.eu\\\/#\\\/schema\\\/person\\\/9b8b25e3c7e6d27e2ca159d0e7e859e9\",\"name\":\"Jochen G\u00fcnther\",\"image\":{\"@type\":\"ImageObject\",\"inLanguage\":\"en-US\",\"@id\":\"https:\\\/\\\/jochen-guenther.eu\\\/wordpress\\\/wp-content\\\/uploads\\\/2017\\\/11\\\/portrait-150x150.jpg\",\"url\":\"https:\\\/\\\/jochen-guenther.eu\\\/wordpress\\\/wp-content\\\/uploads\\\/2017\\\/11\\\/portrait-150x150.jpg\",\"contentUrl\":\"https:\\\/\\\/jochen-guenther.eu\\\/wordpress\\\/wp-content\\\/uploads\\\/2017\\\/11\\\/portrait-150x150.jpg\",\"caption\":\"Jochen G\u00fcnther\"},\"logo\":{\"@id\":\"https:\\\/\\\/jochen-guenther.eu\\\/wordpress\\\/wp-content\\\/uploads\\\/2017\\\/11\\\/portrait-150x150.jpg\"},\"description\":\"Dr. Jochen G\u00fcnther, Professor f\u00fcr Wirtschaftsinformatik an der Hochschule Heilbronn. Schwerpunkte Social Media, Usability, Audiovisuelle Kommunikation. Zuvor am Fraunhofer IAO in Stuttgart als Projektleiter im Umfeld Collaboration und Digitalisierung sowie Leiter des Competence Center Videokommunikation der Fraunhofer Gesellschaft.\",\"sameAs\":[\"https:\\\/\\\/jochen-guenther.eu\",\"https:\\\/\\\/x.com\\\/jochen_guenther\"]}]}<\/script>\n<!-- \/ Yoast SEO plugin. -->","yoast_head_json":{"title":"Fachvortr\u00e4ge - Prof. Dr. Jochen G\u00fcnther","description":"Fachvortr\u00e4ge von Prof. Dr. Jochen G\u00fcnther zu den Themen Digitalisierung, Collaboration, Zukunft der Arbeit, Agile Organisation","robots":{"index":"index","follow":"follow","max-snippet":"max-snippet:-1","max-image-preview":"max-image-preview:large","max-video-preview":"max-video-preview:-1"},"canonical":"https:\/\/jochen-guenther.eu\/en\/fachvortraege\/","og_locale":"en_US","og_type":"article","og_title":"Fachvortr\u00e4ge - Prof. Dr. Jochen G\u00fcnther","og_description":"Fachvortr\u00e4ge von Prof. Dr. Jochen G\u00fcnther zu den Themen Digitalisierung, Collaboration, Zukunft der Arbeit, Agile Organisation","og_url":"https:\/\/jochen-guenther.eu\/en\/fachvortraege\/","og_site_name":"Digitalisierung, Collaboration, Arbeit der Zukunft","article_modified_time":"2025-12-01T23:44:36+00:00","og_image":[{"width":1024,"height":575,"url":"https:\/\/jochen-guenther.eu\/wordpress\/wp-content\/uploads\/2016\/02\/vortrag-jochen-guenther.jpeg","type":"image\/jpeg"}],"twitter_card":"summary_large_image","twitter_site":"@jochen_guenther","twitter_misc":{"Est. reading time":"1 minute"},"schema":{"@context":"https:\/\/schema.org","@graph":[{"@type":"WebPage","@id":"https:\/\/jochen-guenther.eu\/fachvortraege\/","url":"https:\/\/jochen-guenther.eu\/fachvortraege\/","name":"Fachvortr\u00e4ge - Prof. Dr. Jochen G\u00fcnther","isPartOf":{"@id":"https:\/\/jochen-guenther.eu\/#website"},"primaryImageOfPage":{"@id":"https:\/\/jochen-guenther.eu\/fachvortraege\/#primaryimage"},"image":{"@id":"https:\/\/jochen-guenther.eu\/fachvortraege\/#primaryimage"},"thumbnailUrl":"https:\/\/jochen-guenther.eu\/wordpress\/wp-content\/uploads\/2016\/02\/vortrag-jochen-guenther.jpeg","datePublished":"2022-07-01T17:00:00+00:00","dateModified":"2025-12-01T23:44:36+00:00","description":"Fachvortr\u00e4ge von Prof. Dr. Jochen G\u00fcnther zu den Themen Digitalisierung, Collaboration, Zukunft der Arbeit, Agile Organisation","breadcrumb":{"@id":"https:\/\/jochen-guenther.eu\/fachvortraege\/#breadcrumb"},"inLanguage":"en-US","potentialAction":[{"@type":"ReadAction","target":["https:\/\/jochen-guenther.eu\/fachvortraege\/"]}]},{"@type":"ImageObject","inLanguage":"en-US","@id":"https:\/\/jochen-guenther.eu\/fachvortraege\/#primaryimage","url":"https:\/\/jochen-guenther.eu\/wordpress\/wp-content\/uploads\/2016\/02\/vortrag-jochen-guenther.jpeg","contentUrl":"https:\/\/jochen-guenther.eu\/wordpress\/wp-content\/uploads\/2016\/02\/vortrag-jochen-guenther.jpeg","width":1024,"height":575},{"@type":"BreadcrumbList","@id":"https:\/\/jochen-guenther.eu\/fachvortraege\/#breadcrumb","itemListElement":[{"@type":"ListItem","position":1,"name":"Home","item":"https:\/\/jochen-guenther.eu\/"},{"@type":"ListItem","position":2,"name":"Fachvortr\u00e4ge"}]},{"@type":"WebSite","@id":"https:\/\/jochen-guenther.eu\/#website","url":"https:\/\/jochen-guenther.eu\/","name":"Digitalisierung, Collaboration, Arbeit der Zukunft","description":"","publisher":{"@id":"https:\/\/jochen-guenther.eu\/#\/schema\/person\/9b8b25e3c7e6d27e2ca159d0e7e859e9"},"potentialAction":[{"@type":"SearchAction","target":{"@type":"EntryPoint","urlTemplate":"https:\/\/jochen-guenther.eu\/?s={search_term_string}"},"query-input":{"@type":"PropertyValueSpecification","valueRequired":true,"valueName":"search_term_string"}}],"inLanguage":"en-US"},{"@type":["Person","Organization"],"@id":"https:\/\/jochen-guenther.eu\/#\/schema\/person\/9b8b25e3c7e6d27e2ca159d0e7e859e9","name":"Jochen G\u00fcnther","image":{"@type":"ImageObject","inLanguage":"en-US","@id":"https:\/\/jochen-guenther.eu\/wordpress\/wp-content\/uploads\/2017\/11\/portrait-150x150.jpg","url":"https:\/\/jochen-guenther.eu\/wordpress\/wp-content\/uploads\/2017\/11\/portrait-150x150.jpg","contentUrl":"https:\/\/jochen-guenther.eu\/wordpress\/wp-content\/uploads\/2017\/11\/portrait-150x150.jpg","caption":"Jochen G\u00fcnther"},"logo":{"@id":"https:\/\/jochen-guenther.eu\/wordpress\/wp-content\/uploads\/2017\/11\/portrait-150x150.jpg"},"description":"Dr. Jochen G\u00fcnther, Professor f\u00fcr Wirtschaftsinformatik an der Hochschule Heilbronn. Schwerpunkte Social Media, Usability, Audiovisuelle Kommunikation. Zuvor am Fraunhofer IAO in Stuttgart als Projektleiter im Umfeld Collaboration und Digitalisierung sowie Leiter des Competence Center Videokommunikation der Fraunhofer Gesellschaft.","sameAs":["https:\/\/jochen-guenther.eu","https:\/\/x.com\/jochen_guenther"]}]}},"_links":{"self":[{"href":"https:\/\/jochen-guenther.eu\/en\/wp-json\/wp\/v2\/pages\/8","targetHints":{"allow":["GET"]}}],"collection":[{"href":"https:\/\/jochen-guenther.eu\/en\/wp-json\/wp\/v2\/pages"}],"about":[{"href":"https:\/\/jochen-guenther.eu\/en\/wp-json\/wp\/v2\/types\/page"}],"author":[{"embeddable":true,"href":"https:\/\/jochen-guenther.eu\/en\/wp-json\/wp\/v2\/users\/2"}],"replies":[{"embeddable":true,"href":"https:\/\/jochen-guenther.eu\/en\/wp-json\/wp\/v2\/comments?post=8"}],"version-history":[{"count":25,"href":"https:\/\/jochen-guenther.eu\/en\/wp-json\/wp\/v2\/pages\/8\/revisions"}],"predecessor-version":[{"id":560,"href":"https:\/\/jochen-guenther.eu\/en\/wp-json\/wp\/v2\/pages\/8\/revisions\/560"}],"wp:featuredmedia":[{"embeddable":true,"href":"https:\/\/jochen-guenther.eu\/en\/wp-json\/wp\/v2\/media\/39"}],"wp:attachment":[{"href":"https:\/\/jochen-guenther.eu\/en\/wp-json\/wp\/v2\/media?parent=8"}],"curies":[{"name":"wp","href":"https:\/\/api.w.org\/{rel}","templated":true}]}}